{"id":83,"date":"2016-11-29T12:21:37","date_gmt":"2016-11-29T12:21:37","guid":{"rendered":"http:\/\/krahule.com\/?page_id=83"},"modified":"2022-02-12T11:41:36","modified_gmt":"2022-02-12T10:41:36","slug":"lyziarska-sezona","status":"publish","type":"page","link":"https:\/\/krahule.com\/","title":{"rendered":"Ly\u017eiarska sez\u00f3na &#8211; mo\u017enos\u0165 z\u013eavy"},"content":{"rendered":"<p>&nbsp;<\/p>\n<p><a href=\"https:\/\/www.holidayinfo.sk\/strediska\/lyziarske\/krahule\" target=\"_blank\" rel=\"noopener noreferrer\">Webkamera &#8211; m\u00f4\u017eete si overi\u0165 po\u010dasie a sneh, sk\u00f4r, ako p\u00f4jdete.<\/a><\/p>\n<p><blockquote class=\"wp-embedded-content\" data-secret=\"1a7XP2wQ2O\"><a href=\"http:\/\/www.skalkaarena.sk\/lyzovanie\/skalka-dnes\/\">Skalka DNES<\/a><\/blockquote><iframe loading=\"lazy\" class=\"wp-embedded-content\" sandbox=\"allow-scripts\" security=\"restricted\" style=\"position: absolute; clip: rect(1px, 1px, 1px, 1px);\" title=\"&#8220;Skalka DNES&#8221; &#8212; Ly\u017eiarske stredisko\" src=\"http:\/\/www.skalkaarena.sk\/lyzovanie\/skalka-dnes\/embed\/#?secret=1a7XP2wQ2O\" data-secret=\"1a7XP2wQ2O\" width=\"600\" height=\"338\" frameborder=\"0\" marginwidth=\"0\" marginheight=\"0\" scrolling=\"no\"><\/iframe><\/p>\n<p>Spojte zimn\u00fa dovolenku na ly\u017eiach s romantick\u00fdmi ve\u010dermi v kr\u00e1snej starobylej Kremnici a pobytom v Tur\u010dianskych Tepliciach.<\/p>\n<div id=\"attachment_19\" style=\"width: 993px\" class=\"wp-caption aligncenter\"><a href=\"https:\/\/i0.wp.com\/krahule.com\/wp-content\/uploads\/2016\/06\/PohladZBalkona.jpg?ssl=1\"><img data-recalc-dims=\"1\" loading=\"lazy\" decoding=\"async\" aria-describedby=\"caption-attachment-19\" data-attachment-id=\"19\" data-permalink=\"https:\/\/krahule.com\/?attachment_id=19\" data-orig-file=\"https:\/\/i0.wp.com\/krahule.com\/wp-content\/uploads\/2016\/06\/PohladZBalkona.jpg?fit=983%2C352&amp;ssl=1\" data-orig-size=\"983,352\" data-comments-opened=\"1\" data-image-meta=\"{&quot;aperture&quot;:&quot;10&quot;,&quot;credit&quot;:&quot;&quot;,&quot;camera&quot;:&quot;VG150,D735&quot;,&quot;caption&quot;:&quot;OLYMPUS DIGITAL CAMERA&quot;,&quot;created_timestamp&quot;:&quot;1452956289&quot;,&quot;copyright&quot;:&quot;&quot;,&quot;focal_length&quot;:&quot;4.8&quot;,&quot;iso&quot;:&quot;100&quot;,&quot;shutter_speed&quot;:&quot;0.004&quot;,&quot;title&quot;:&quot;OLYMPUS DIGITAL CAMERA&quot;,&quot;orientation&quot;:&quot;1&quot;}\" data-image-title=\"V\u00fdh\u013ead z pr\u00e1zdninov\u00e9ho bytu\" data-image-description=\"\" data-image-caption=\"&lt;p&gt;Zimn\u00fd v\u00fdh\u013ead z pr\u00e1zdninov\u00e9ho bytu.&lt;\/p&gt;\n\" data-large-file=\"https:\/\/i0.wp.com\/krahule.com\/wp-content\/uploads\/2016\/06\/PohladZBalkona.jpg?fit=676%2C242&amp;ssl=1\" class=\"wp-image-19 size-full\" src=\"https:\/\/i0.wp.com\/krahule.com\/wp-content\/uploads\/2016\/06\/PohladZBalkona.jpg?resize=676%2C242&#038;ssl=1\" alt=\"Vila Tina - Zimn\u00fd v\u00fdh\u013ead z pr\u00e1zdninov\u00e9ho bytu na zjazdovku.\" width=\"676\" height=\"242\" srcset=\"https:\/\/i0.wp.com\/krahule.com\/wp-content\/uploads\/2016\/06\/PohladZBalkona.jpg?w=983&amp;ssl=1 983w, https:\/\/i0.wp.com\/krahule.com\/wp-content\/uploads\/2016\/06\/PohladZBalkona.jpg?resize=300%2C107&amp;ssl=1 300w, https:\/\/i0.wp.com\/krahule.com\/wp-content\/uploads\/2016\/06\/PohladZBalkona.jpg?resize=768%2C275&amp;ssl=1 768w\" sizes=\"auto, (max-width: 676px) 100vw, 676px\" \/><\/a><p id=\"caption-attachment-19\" class=\"wp-caption-text\">Zimn\u00fd v\u00fdh\u013ead z pr\u00e1zdninov\u00e9ho bytu.<\/p><\/div>\n<p>Ako vid\u00edte, ly\u017eiarske vleky s\u00fa len 100 metrov. Na druhej strane s\u00fa udr\u017eiavan\u00e9 be\u017ek\u00e1rske trate. V\u013eavo, pri \u017eltej autobusovej zast\u00e1vke je budova s obchodom, re\u0161taur\u00e1ciou a pohostinstvom. Hostia radi zbehn\u00fa do Kremnice autobusom, lebo si nemusia da\u0165 pozor na poh\u00e1rik pri romantickej ve\u010deri.<\/p>\n<p><a href=\"https:\/\/krahule.com\/about\/\">Pozrite si aj ubytovanie<\/a><\/p>\n<div id=\"attachment_25\" style=\"width: 235px\" class=\"wp-caption aligncenter\"><a href=\"https:\/\/i0.wp.com\/krahule.com\/wp-content\/uploads\/2016\/06\/Nabytok.jpg?ssl=1\"><img data-recalc-dims=\"1\" loading=\"lazy\" decoding=\"async\" aria-describedby=\"caption-attachment-25\" data-attachment-id=\"25\" data-permalink=\"https:\/\/krahule.com\/?attachment_id=25\" data-orig-file=\"https:\/\/i0.wp.com\/krahule.com\/wp-content\/uploads\/2016\/06\/Nabytok.jpg?fit=460%2C614&amp;ssl=1\" data-orig-size=\"460,614\" data-comments-opened=\"1\" data-image-meta=\"{&quot;aperture&quot;:&quot;2.9&quot;,&quot;credit&quot;:&quot;&quot;,&quot;camera&quot;:&quot;VG150,D735&quot;,&quot;caption&quot;:&quot;OLYMPUS DIGITAL CAMERA&quot;,&quot;created_timestamp&quot;:&quot;1452955953&quot;,&quot;copyright&quot;:&quot;&quot;,&quot;focal_length&quot;:&quot;4.8&quot;,&quot;iso&quot;:&quot;100&quot;,&quot;shutter_speed&quot;:&quot;0.02&quot;,&quot;title&quot;:&quot;OLYMPUS DIGITAL CAMERA&quot;,&quot;orientation&quot;:&quot;1&quot;}\" data-image-title=\"Vila Tina &amp;#8211; Izba n\u00e1bytok\" data-image-description=\"&lt;p&gt;Vila Tina, Ly\u017eiarske stredisko Krahule, n\u00e1bytok.&lt;\/p&gt;\n\" data-image-caption=\"&lt;p&gt;Izba &amp;#8211; n\u00e1bytok.&lt;\/p&gt;\n\" data-large-file=\"https:\/\/i0.wp.com\/krahule.com\/wp-content\/uploads\/2016\/06\/Nabytok.jpg?fit=460%2C614&amp;ssl=1\" class=\"size-medium wp-image-25\" src=\"https:\/\/i0.wp.com\/krahule.com\/wp-content\/uploads\/2016\/06\/Nabytok.jpg?resize=225%2C300&#038;ssl=1\" alt=\"Vila Tina - Izba n\u00e1bytok\" width=\"225\" height=\"300\" srcset=\"https:\/\/i0.wp.com\/krahule.com\/wp-content\/uploads\/2016\/06\/Nabytok.jpg?resize=225%2C300&amp;ssl=1 225w, https:\/\/i0.wp.com\/krahule.com\/wp-content\/uploads\/2016\/06\/Nabytok.jpg?w=460&amp;ssl=1 460w\" sizes=\"auto, (max-width: 225px) 100vw, 225px\" \/><\/a><p id=\"caption-attachment-25\" class=\"wp-caption-text\">Izba &#8211; n\u00e1bytok.<\/p><\/div>\n<div id=\"attachment_92\" style=\"width: 605px\" class=\"wp-caption aligncenter\"><a href=\"https:\/\/i0.wp.com\/krahule.com\/wp-content\/uploads\/2016\/11\/SvahDeti.jpg?ssl=1\"><img data-recalc-dims=\"1\" loading=\"lazy\" decoding=\"async\" aria-describedby=\"caption-attachment-92\" data-attachment-id=\"92\" data-permalink=\"https:\/\/krahule.com\/?attachment_id=92\" data-orig-file=\"https:\/\/i0.wp.com\/krahule.com\/wp-content\/uploads\/2016\/11\/SvahDeti.jpg?fit=2048%2C1536&amp;ssl=1\" data-orig-size=\"2048,1536\" data-comments-opened=\"1\" data-image-meta=\"{&quot;aperture&quot;:&quot;4.6&quot;,&quot;credit&quot;:&quot;&quot;,&quot;camera&quot;:&quot;FE170,X760&quot;,&quot;caption&quot;:&quot;OLYMPUS DIGITAL CAMERA&quot;,&quot;created_timestamp&quot;:&quot;1264480127&quot;,&quot;copyright&quot;:&quot;&quot;,&quot;focal_length&quot;:&quot;6.3&quot;,&quot;iso&quot;:&quot;64&quot;,&quot;shutter_speed&quot;:&quot;0.0011111111111111&quot;,&quot;title&quot;:&quot;OLYMPUS DIGITAL CAMERA&quot;,&quot;orientation&quot;:&quot;1&quot;}\" data-image-title=\"Pre deti je na svahu lano zadarmo\" data-image-description=\"&lt;p&gt;Ly\u017eova\u010dka &amp;#8211; Krahule. Cez pr\u00e1zdniny sa m\u00f4\u017eu deti u\u010di\u0165 ly\u017eova\u0165&lt;\/p&gt;\n\" data-image-caption=\"&lt;p&gt;Pre deti je na svahu lano zadarmo&lt;\/p&gt;\n\" data-large-file=\"https:\/\/i0.wp.com\/krahule.com\/wp-content\/uploads\/2016\/11\/SvahDeti.jpg?fit=676%2C507&amp;ssl=1\" class=\"size-medium wp-image-92\" src=\"https:\/\/i0.wp.com\/krahule.com\/wp-content\/uploads\/2016\/11\/SvahDeti.jpg?resize=595%2C446&#038;ssl=1\" alt=\"Pre deti je na svahu lano zadarmo\" width=\"595\" height=\"446\" srcset=\"https:\/\/i0.wp.com\/krahule.com\/wp-content\/uploads\/2016\/11\/SvahDeti.jpg?resize=595%2C446&amp;ssl=1 595w, https:\/\/i0.wp.com\/krahule.com\/wp-content\/uploads\/2016\/11\/SvahDeti.jpg?resize=768%2C576&amp;ssl=1 768w, https:\/\/i0.wp.com\/krahule.com\/wp-content\/uploads\/2016\/11\/SvahDeti.jpg?resize=960%2C720&amp;ssl=1 960w, https:\/\/i0.wp.com\/krahule.com\/wp-content\/uploads\/2016\/11\/SvahDeti.jpg?resize=676%2C507&amp;ssl=1 676w, https:\/\/i0.wp.com\/krahule.com\/wp-content\/uploads\/2016\/11\/SvahDeti.jpg?w=2048&amp;ssl=1 2048w, https:\/\/i0.wp.com\/krahule.com\/wp-content\/uploads\/2016\/11\/SvahDeti.jpg?w=1352&amp;ssl=1 1352w\" sizes=\"auto, (max-width: 595px) 100vw, 595px\" \/><\/a><p id=\"caption-attachment-92\" class=\"wp-caption-text\">Pre deti je na svahu lano zadarmo<\/p><\/div>\n<p>Cena ubytovania: Od <strong>7\u20ac (Pr\u00edstelka)<\/strong> <strong>Poste\u013e v izbe: 12,50\u20ac<\/strong>, v <strong>Pr\u00e1zdninovom byte s um\u00fdva\u010dkou riadu: &nbsp;17\u20ac&nbsp;<\/strong><\/p>\n<p>Ku tomu miestna da\u0148 za dospel\u00fa osobu: 0,70\u20ac<\/p>\n<p>Pri dlh\u0161om pobyte mimo pr\u00e1zdnin a v\u00e4\u010d\u0161ej skupine (nad 10 os\u00f4b) nap\u00ed\u0161te mail na vilatina201@gmail.com &#8211; pon\u00fakneme z\u013eavu.<\/p>\n<div id=\"attachment_109\" style=\"width: 605px\" class=\"wp-caption aligncenter\"><a href=\"https:\/\/i0.wp.com\/krahule.com\/wp-content\/uploads\/2016\/11\/Izba-s-rozlo%C5%BEenou-pr%C3%ADstelkou.jpg?ssl=1\"><img data-recalc-dims=\"1\" loading=\"lazy\" decoding=\"async\" aria-describedby=\"caption-attachment-109\" data-attachment-id=\"109\" data-permalink=\"https:\/\/krahule.com\/?attachment_id=109\" data-orig-file=\"https:\/\/i0.wp.com\/krahule.com\/wp-content\/uploads\/2016\/11\/Izba-s-rozlo%C5%BEenou-pr%C3%ADstelkou.jpg?fit=600%2C450&amp;ssl=1\" data-orig-size=\"600,450\" data-comments-opened=\"1\" data-image-meta=\"{&quot;aperture&quot;:&quot;0&quot;,&quot;credit&quot;:&quot;&quot;,&quot;camera&quot;:&quot;&quot;,&quot;caption&quot;:&quot;&quot;,&quot;created_timestamp&quot;:&quot;0&quot;,&quot;copyright&quot;:&quot;&quot;,&quot;focal_length&quot;:&quot;0&quot;,&quot;iso&quot;:&quot;0&quot;,&quot;shutter_speed&quot;:&quot;0&quot;,&quot;title&quot;:&quot;&quot;,&quot;orientation&quot;:&quot;0&quot;}\" data-image-title=\"izba-s-rozlozenou-pristelkou\" data-image-description=\"&lt;p&gt;Ubytovanie v ly\u017eiarskom stredisku. Lacn\u00e9. Izba s pr\u00edstelkou.&lt;\/p&gt;\n\" data-image-caption=\"&lt;p&gt;Izba (K\u00fasok rozlo\u017eenej pr\u00edstelky vidie\u0165 vpravo)&lt;\/p&gt;\n\" data-large-file=\"https:\/\/i0.wp.com\/krahule.com\/wp-content\/uploads\/2016\/11\/Izba-s-rozlo%C5%BEenou-pr%C3%ADstelkou.jpg?fit=600%2C450&amp;ssl=1\" class=\"size-medium wp-image-109\" src=\"https:\/\/i0.wp.com\/krahule.com\/wp-content\/uploads\/2016\/11\/Izba-s-rozlo%C5%BEenou-pr%C3%ADstelkou.jpg?resize=595%2C446&#038;ssl=1\" alt=\"Izba (K\u00fasok rozlo\u017eenej pr\u00edstelky vidie\u0165 vpravo)\" width=\"595\" height=\"446\" srcset=\"https:\/\/i0.wp.com\/krahule.com\/wp-content\/uploads\/2016\/11\/Izba-s-rozlo%C5%BEenou-pr%C3%ADstelkou.jpg?resize=595%2C446&amp;ssl=1 595w, https:\/\/i0.wp.com\/krahule.com\/wp-content\/uploads\/2016\/11\/Izba-s-rozlo%C5%BEenou-pr%C3%ADstelkou.jpg?w=600&amp;ssl=1 600w\" sizes=\"auto, (max-width: 595px) 100vw, 595px\" \/><\/a><p id=\"caption-attachment-109\" class=\"wp-caption-text\">Izba (K\u00fasok rozlo\u017eenej pr\u00edstelky vidie\u0165 vpravo)<\/p><\/div>\n<div id=\"attachment_93\" style=\"width: 605px\" class=\"wp-caption aligncenter\"><a href=\"https:\/\/i0.wp.com\/krahule.com\/wp-content\/uploads\/2016\/11\/Krahule-Zo-Svahu.jpg?ssl=1\"><img data-recalc-dims=\"1\" loading=\"lazy\" decoding=\"async\" aria-describedby=\"caption-attachment-93\" data-attachment-id=\"93\" data-permalink=\"https:\/\/krahule.com\/?attachment_id=93\" data-orig-file=\"https:\/\/i0.wp.com\/krahule.com\/wp-content\/uploads\/2016\/11\/Krahule-Zo-Svahu.jpg?fit=3968%2C2500&amp;ssl=1\" data-orig-size=\"3968,2500\" data-comments-opened=\"1\" data-image-meta=\"{&quot;aperture&quot;:&quot;10&quot;,&quot;credit&quot;:&quot;&quot;,&quot;camera&quot;:&quot;VG150,D735&quot;,&quot;caption&quot;:&quot;OLYMPUS DIGITAL CAMERA&quot;,&quot;created_timestamp&quot;:&quot;1422878311&quot;,&quot;copyright&quot;:&quot;&quot;,&quot;focal_length&quot;:&quot;4.8&quot;,&quot;iso&quot;:&quot;100&quot;,&quot;shutter_speed&quot;:&quot;0.003125&quot;,&quot;title&quot;:&quot;OLYMPUS DIGITAL CAMERA&quot;,&quot;orientation&quot;:&quot;1&quot;}\" data-image-title=\"OLYMPUS DIGITAL CAMERA\" data-image-description=\"\" data-image-caption=\"&lt;p&gt;OLYMPUS DIGITAL CAMERA&lt;\/p&gt;\n\" data-large-file=\"https:\/\/i0.wp.com\/krahule.com\/wp-content\/uploads\/2016\/11\/Krahule-Zo-Svahu.jpg?fit=676%2C426&amp;ssl=1\" class=\"wp-image-93 size-medium\" src=\"https:\/\/i0.wp.com\/krahule.com\/wp-content\/uploads\/2016\/11\/Krahule-Zo-Svahu.jpg?resize=595%2C375&#038;ssl=1\" alt=\"Poh\u013ead na Krahule z ly\u017eiarskej trate.\" width=\"595\" height=\"375\" srcset=\"https:\/\/i0.wp.com\/krahule.com\/wp-content\/uploads\/2016\/11\/Krahule-Zo-Svahu.jpg?resize=595%2C375&amp;ssl=1 595w, https:\/\/i0.wp.com\/krahule.com\/wp-content\/uploads\/2016\/11\/Krahule-Zo-Svahu.jpg?resize=768%2C484&amp;ssl=1 768w, https:\/\/i0.wp.com\/krahule.com\/wp-content\/uploads\/2016\/11\/Krahule-Zo-Svahu.jpg?resize=960%2C605&amp;ssl=1 960w, https:\/\/i0.wp.com\/krahule.com\/wp-content\/uploads\/2016\/11\/Krahule-Zo-Svahu.jpg?resize=676%2C426&amp;ssl=1 676w, https:\/\/i0.wp.com\/krahule.com\/wp-content\/uploads\/2016\/11\/Krahule-Zo-Svahu.jpg?w=1352&amp;ssl=1 1352w, https:\/\/i0.wp.com\/krahule.com\/wp-content\/uploads\/2016\/11\/Krahule-Zo-Svahu.jpg?w=2028&amp;ssl=1 2028w\" sizes=\"auto, (max-width: 595px) 100vw, 595px\" \/><\/a><p id=\"caption-attachment-93\" class=\"wp-caption-text\">Poh\u013ead na Krahule z ly\u017eiarskej trate.<\/p><\/div>\n<div id=\"attachment_64\" style=\"width: 605px\" class=\"wp-caption aligncenter\"><a href=\"https:\/\/i0.wp.com\/krahule.com\/wp-content\/uploads\/2016\/06\/KralovskyVyhlad-e1467916378890.jpg?ssl=1\"><img data-recalc-dims=\"1\" loading=\"lazy\" decoding=\"async\" aria-describedby=\"caption-attachment-64\" data-attachment-id=\"64\" data-permalink=\"https:\/\/krahule.com\/?attachment_id=64\" data-orig-file=\"https:\/\/i0.wp.com\/krahule.com\/wp-content\/uploads\/2016\/06\/KralovskyVyhlad-e1467916378890.jpg?fit=980%2C735&amp;ssl=1\" data-orig-size=\"980,735\" data-comments-opened=\"1\" data-image-meta=\"{&quot;aperture&quot;:&quot;3.5&quot;,&quot;credit&quot;:&quot;&quot;,&quot;camera&quot;:&quot;SP600UZ&quot;,&quot;caption&quot;:&quot;OLYMPUS DIGITAL CAMERA&quot;,&quot;created_timestamp&quot;:&quot;1467718504&quot;,&quot;copyright&quot;:&quot;&quot;,&quot;focal_length&quot;:&quot;5&quot;,&quot;iso&quot;:&quot;200&quot;,&quot;shutter_speed&quot;:&quot;0.05&quot;,&quot;title&quot;:&quot;OLYMPUS DIGITAL CAMERA&quot;,&quot;orientation&quot;:&quot;1&quot;}\" data-image-title=\"Vila Tina, Krahule &amp;#8211; Kr\u00e1\u013eovsk\u00fd v\u00fdh\u013ead\" data-image-description=\"\" data-image-caption=\"&lt;p&gt;Pr\u00e1zdninov\u00fd byt Kr\u00e1\u013eovsk\u00fd v\u00fdh\u013ead. Ob\u00fdvac\u00ed k\u00fat.&lt;\/p&gt;\n\" data-large-file=\"https:\/\/i0.wp.com\/krahule.com\/wp-content\/uploads\/2016\/06\/KralovskyVyhlad-e1467916378890.jpg?fit=676%2C507&amp;ssl=1\" class=\"size-medium wp-image-64\" src=\"https:\/\/i0.wp.com\/krahule.com\/wp-content\/uploads\/2016\/06\/KralovskyVyhlad.jpg?resize=595%2C446&#038;ssl=1\" alt=\"Pr\u00e1zdninov\u00fd byt Kr\u00e1\u013eovsk\u00fd v\u00fdh\u013ead. Ob\u00fdvac\u00ed k\u00fat.\" width=\"595\" height=\"446\"><\/a><p id=\"caption-attachment-64\" class=\"wp-caption-text\">Pr\u00e1zdninov\u00fd byt Kr\u00e1\u013eovsk\u00fd v\u00fdh\u013ead. Ob\u00fdvac\u00ed k\u00fat.<\/p><\/div>\n<div id=\"attachment_94\" style=\"width: 605px\" class=\"wp-caption aligncenter\"><a href=\"https:\/\/i0.wp.com\/krahule.com\/wp-content\/uploads\/2016\/11\/Svah.jpg?ssl=1\"><img data-recalc-dims=\"1\" loading=\"lazy\" decoding=\"async\" aria-describedby=\"caption-attachment-94\" data-attachment-id=\"94\" data-permalink=\"https:\/\/krahule.com\/?attachment_id=94\" data-orig-file=\"https:\/\/i0.wp.com\/krahule.com\/wp-content\/uploads\/2016\/11\/Svah.jpg?fit=2048%2C1536&amp;ssl=1\" data-orig-size=\"2048,1536\" data-comments-opened=\"1\" data-image-meta=\"{&quot;aperture&quot;:&quot;4.6&quot;,&quot;credit&quot;:&quot;&quot;,&quot;camera&quot;:&quot;FE170,X760&quot;,&quot;caption&quot;:&quot;OLYMPUS DIGITAL CAMERA&quot;,&quot;created_timestamp&quot;:&quot;1264480016&quot;,&quot;copyright&quot;:&quot;&quot;,&quot;focal_length&quot;:&quot;6.3&quot;,&quot;iso&quot;:&quot;64&quot;,&quot;shutter_speed&quot;:&quot;0.001&quot;,&quot;title&quot;:&quot;OLYMPUS DIGITAL CAMERA&quot;,&quot;orientation&quot;:&quot;1&quot;}\" data-image-title=\"OLYMPUS DIGITAL CAMERA\" data-image-description=\"\" data-image-caption=\"&lt;p&gt;OLYMPUS DIGITAL CAMERA&lt;\/p&gt;\n\" data-large-file=\"https:\/\/i0.wp.com\/krahule.com\/wp-content\/uploads\/2016\/11\/Svah.jpg?fit=676%2C507&amp;ssl=1\" class=\"wp-image-94 size-medium\" src=\"https:\/\/i0.wp.com\/krahule.com\/wp-content\/uploads\/2016\/11\/Svah.jpg?resize=595%2C446&#038;ssl=1\" alt=\"Krahule, zjazdovka\" width=\"595\" height=\"446\" srcset=\"https:\/\/i0.wp.com\/krahule.com\/wp-content\/uploads\/2016\/11\/Svah.jpg?resize=595%2C446&amp;ssl=1 595w, https:\/\/i0.wp.com\/krahule.com\/wp-content\/uploads\/2016\/11\/Svah.jpg?resize=768%2C576&amp;ssl=1 768w, https:\/\/i0.wp.com\/krahule.com\/wp-content\/uploads\/2016\/11\/Svah.jpg?resize=960%2C720&amp;ssl=1 960w, https:\/\/i0.wp.com\/krahule.com\/wp-content\/uploads\/2016\/11\/Svah.jpg?resize=676%2C507&amp;ssl=1 676w, https:\/\/i0.wp.com\/krahule.com\/wp-content\/uploads\/2016\/11\/Svah.jpg?w=2048&amp;ssl=1 2048w, https:\/\/i0.wp.com\/krahule.com\/wp-content\/uploads\/2016\/11\/Svah.jpg?w=1352&amp;ssl=1 1352w\" sizes=\"auto, (max-width: 595px) 100vw, 595px\" \/><\/a><p id=\"caption-attachment-94\" class=\"wp-caption-text\">Krahule, zjazdovka<\/p><\/div>\n<div id=\"attachment_39\" style=\"width: 310px\" class=\"wp-caption aligncenter\"><a href=\"https:\/\/i0.wp.com\/krahule.com\/wp-content\/uploads\/2016\/06\/Hala2.jpg?ssl=1\"><img data-recalc-dims=\"1\" loading=\"lazy\" decoding=\"async\" aria-describedby=\"caption-attachment-39\" data-attachment-id=\"39\" data-permalink=\"https:\/\/krahule.com\/?attachment_id=39\" data-orig-file=\"https:\/\/i0.wp.com\/krahule.com\/wp-content\/uploads\/2016\/06\/Hala2.jpg?fit=992%2C744&amp;ssl=1\" data-orig-size=\"992,744\" data-comments-opened=\"1\" data-image-meta=\"{&quot;aperture&quot;:&quot;2.9&quot;,&quot;credit&quot;:&quot;&quot;,&quot;camera&quot;:&quot;VG150,D735&quot;,&quot;caption&quot;:&quot;OLYMPUS DIGITAL CAMERA&quot;,&quot;created_timestamp&quot;:&quot;1452955850&quot;,&quot;copyright&quot;:&quot;&quot;,&quot;focal_length&quot;:&quot;4.8&quot;,&quot;iso&quot;:&quot;250&quot;,&quot;shutter_speed&quot;:&quot;0.033333333333333&quot;,&quot;title&quot;:&quot;OLYMPUS DIGITAL CAMERA&quot;,&quot;orientation&quot;:&quot;1&quot;}\" data-image-title=\"Spolo\u010densk\u00e1 miestnos\u0165\" data-image-description=\"\" data-image-caption=\"&lt;p&gt;Spolo\u010densk\u00e1 miestnos\u0165&lt;\/p&gt;\n\" data-large-file=\"https:\/\/i0.wp.com\/krahule.com\/wp-content\/uploads\/2016\/06\/Hala2.jpg?fit=676%2C507&amp;ssl=1\" class=\"size-medium wp-image-39\" src=\"https:\/\/i0.wp.com\/krahule.com\/wp-content\/uploads\/2016\/06\/Hala2.jpg?resize=300%2C225&#038;ssl=1\" alt=\"Spolo\u010densk\u00e1 miestnos\u0165\" width=\"300\" height=\"225\" srcset=\"https:\/\/i0.wp.com\/krahule.com\/wp-content\/uploads\/2016\/06\/Hala2.jpg?resize=300%2C225&amp;ssl=1 300w, https:\/\/i0.wp.com\/krahule.com\/wp-content\/uploads\/2016\/06\/Hala2.jpg?resize=768%2C576&amp;ssl=1 768w, https:\/\/i0.wp.com\/krahule.com\/wp-content\/uploads\/2016\/06\/Hala2.jpg?w=992&amp;ssl=1 992w\" sizes=\"auto, (max-width: 300px) 100vw, 300px\" \/><\/a><p id=\"caption-attachment-39\" class=\"wp-caption-text\">Spolo\u010densk\u00e1 miestnos\u0165<\/p><\/div>\n<div id=\"attachment_95\" style=\"width: 605px\" class=\"wp-caption aligncenter\"><a href=\"https:\/\/i0.wp.com\/krahule.com\/wp-content\/uploads\/2016\/11\/Vleky.jpg?ssl=1\"><img data-recalc-dims=\"1\" loading=\"lazy\" decoding=\"async\" aria-describedby=\"caption-attachment-95\" data-attachment-id=\"95\" data-permalink=\"https:\/\/krahule.com\/?attachment_id=95\" data-orig-file=\"https:\/\/i0.wp.com\/krahule.com\/wp-content\/uploads\/2016\/11\/Vleky.jpg?fit=2339%2C2976&amp;ssl=1\" data-orig-size=\"2339,2976\" data-comments-opened=\"1\" data-image-meta=\"{&quot;aperture&quot;:&quot;10&quot;,&quot;credit&quot;:&quot;&quot;,&quot;camera&quot;:&quot;VG150,D735&quot;,&quot;caption&quot;:&quot;OLYMPUS DIGITAL CAMERA&quot;,&quot;created_timestamp&quot;:&quot;1424430277&quot;,&quot;copyright&quot;:&quot;&quot;,&quot;focal_length&quot;:&quot;4.8&quot;,&quot;iso&quot;:&quot;100&quot;,&quot;shutter_speed&quot;:&quot;0.00125&quot;,&quot;title&quot;:&quot;OLYMPUS DIGITAL CAMERA&quot;,&quot;orientation&quot;:&quot;1&quot;}\" data-image-title=\"OLYMPUS DIGITAL CAMERA\" data-image-description=\"\" data-image-caption=\"&lt;p&gt;OLYMPUS DIGITAL CAMERA&lt;\/p&gt;\n\" data-large-file=\"https:\/\/i0.wp.com\/krahule.com\/wp-content\/uploads\/2016\/11\/Vleky.jpg?fit=676%2C860&amp;ssl=1\" class=\"wp-image-95 size-medium\" src=\"https:\/\/i0.wp.com\/krahule.com\/wp-content\/uploads\/2016\/11\/Vleky.jpg?resize=595%2C757&#038;ssl=1\" alt=\"Krahule, vleky - v strede \u0161tvorseda\u010dka\" width=\"595\" height=\"757\" srcset=\"https:\/\/i0.wp.com\/krahule.com\/wp-content\/uploads\/2016\/11\/Vleky.jpg?resize=595%2C757&amp;ssl=1 595w, https:\/\/i0.wp.com\/krahule.com\/wp-content\/uploads\/2016\/11\/Vleky.jpg?resize=768%2C977&amp;ssl=1 768w, https:\/\/i0.wp.com\/krahule.com\/wp-content\/uploads\/2016\/11\/Vleky.jpg?resize=960%2C1221&amp;ssl=1 960w, https:\/\/i0.wp.com\/krahule.com\/wp-content\/uploads\/2016\/11\/Vleky.jpg?resize=676%2C860&amp;ssl=1 676w, https:\/\/i0.wp.com\/krahule.com\/wp-content\/uploads\/2016\/11\/Vleky.jpg?w=1352&amp;ssl=1 1352w, https:\/\/i0.wp.com\/krahule.com\/wp-content\/uploads\/2016\/11\/Vleky.jpg?w=2028&amp;ssl=1 2028w\" sizes=\"auto, (max-width: 595px) 100vw, 595px\" \/><\/a><p id=\"caption-attachment-95\" class=\"wp-caption-text\">Krahule, vleky &#8211; v strede \u0161tvorseda\u010dka<\/p><\/div>\n<div id=\"attachment_110\" style=\"width: 605px\" class=\"wp-caption aligncenter\"><a href=\"https:\/\/i0.wp.com\/krahule.com\/wp-content\/uploads\/2016\/11\/KuchynaDole800.jpg?ssl=1\"><img data-recalc-dims=\"1\" loading=\"lazy\" decoding=\"async\" aria-describedby=\"caption-attachment-110\" data-attachment-id=\"110\" data-permalink=\"https:\/\/krahule.com\/?attachment_id=110\" data-orig-file=\"https:\/\/i0.wp.com\/krahule.com\/wp-content\/uploads\/2016\/11\/KuchynaDole800.jpg?fit=800%2C600&amp;ssl=1\" data-orig-size=\"800,600\" data-comments-opened=\"1\" data-image-meta=\"{&quot;aperture&quot;:&quot;3.5&quot;,&quot;credit&quot;:&quot;&quot;,&quot;camera&quot;:&quot;SP600UZ&quot;,&quot;caption&quot;:&quot;OLYMPUS DIGITAL CAMERA&quot;,&quot;created_timestamp&quot;:&quot;1467717624&quot;,&quot;copyright&quot;:&quot;&quot;,&quot;focal_length&quot;:&quot;5&quot;,&quot;iso&quot;:&quot;200&quot;,&quot;shutter_speed&quot;:&quot;0.04&quot;,&quot;title&quot;:&quot;OLYMPUS DIGITAL CAMERA&quot;,&quot;orientation&quot;:&quot;1&quot;}\" data-image-title=\"Ly\u017eiarske stredisko Krahule, ubytovanie kuchy\u0148a\" data-image-description=\"\" data-image-caption=\"&lt;p&gt;Ubytovanie na Krahuliach, kuchy\u0148a&lt;\/p&gt;\n\" data-large-file=\"https:\/\/i0.wp.com\/krahule.com\/wp-content\/uploads\/2016\/11\/KuchynaDole800.jpg?fit=676%2C507&amp;ssl=1\" class=\"size-medium wp-image-110\" src=\"https:\/\/i0.wp.com\/krahule.com\/wp-content\/uploads\/2016\/11\/KuchynaDole800.jpg?resize=595%2C446&#038;ssl=1\" alt=\"Ubytovanie na Krahuliach, kuchy\u0148a\" width=\"595\" height=\"446\" srcset=\"https:\/\/i0.wp.com\/krahule.com\/wp-content\/uploads\/2016\/11\/KuchynaDole800.jpg?resize=595%2C446&amp;ssl=1 595w, https:\/\/i0.wp.com\/krahule.com\/wp-content\/uploads\/2016\/11\/KuchynaDole800.jpg?resize=768%2C576&amp;ssl=1 768w, https:\/\/i0.wp.com\/krahule.com\/wp-content\/uploads\/2016\/11\/KuchynaDole800.jpg?resize=676%2C507&amp;ssl=1 676w, https:\/\/i0.wp.com\/krahule.com\/wp-content\/uploads\/2016\/11\/KuchynaDole800.jpg?w=800&amp;ssl=1 800w\" sizes=\"auto, (max-width: 595px) 100vw, 595px\" \/><\/a><p id=\"caption-attachment-110\" class=\"wp-caption-text\">Ubytovanie na Krahuliach, kuchy\u0148a<\/p><\/div>\n<p><a href=\"https:\/\/www.holidayinfo.sk\/strediska\/lyziarske\/krahule\" target=\"_blank\" rel=\"noopener noreferrer\">Webkamera &#8211; m\u00f4\u017eete si overi\u0165 po\u010dasie a sneh, sk\u00f4r, ako p\u00f4jdete.<\/a><\/p>\n\n\n<p><\/p>\n","protected":false},"excerpt":{"rendered":"<p>&nbsp; Webkamera &#8211; m\u00f4\u017eete si overi\u0165 po\u010dasie a sneh, sk\u00f4r, ako p\u00f4jdete. Skalka DNES Spojte zimn\u00fa dovolenku na ly\u017eiach s romantick\u00fdmi ve\u010dermi v kr\u00e1snej starobylej Kremnici a pobytom v Tur\u010dianskych Tepliciach. Ako vid\u00edte, ly\u017eiarske vleky s\u00fa len 100 metrov. Na druhej strane s\u00fa udr\u017eiavan\u00e9 be\u017ek\u00e1rske trate. V\u013eavo, pri \u017eltej autobusovej zast\u00e1vke je budova s obchodom, [&hellip;]<\/p>\n","protected":false},"author":1,"featured_media":0,"parent":0,"menu_order":0,"comment_status":"closed","ping_status":"closed","template":"","meta":{"footnotes":""},"class_list":["post-83","page","type-page","status-publish","hentry","post-preview"],"jetpack_sharing_enabled":true,"jetpack_shortlink":"https:\/\/wp.me\/P9kcSP-1l","jetpack_likes_enabled":true,"jetpack-related-posts":[],"_links":{"self":[{"href":"https:\/\/krahule.com\/index.php?rest_route=\/wp\/v2\/pages\/83","targetHints":{"allow":["GET"]}}],"collection":[{"href":"https:\/\/krahule.com\/index.php?rest_route=\/wp\/v2\/pages"}],"about":[{"href":"https:\/\/krahule.com\/index.php?rest_route=\/wp\/v2\/types\/page"}],"author":[{"embeddable":true,"href":"https:\/\/krahule.com\/index.php?rest_route=\/wp\/v2\/users\/1"}],"replies":[{"embeddable":true,"href":"https:\/\/krahule.com\/index.php?rest_route=%2Fwp%2Fv2%2Fcomments&post=83"}],"version-history":[{"count":24,"href":"https:\/\/krahule.com\/index.php?rest_route=\/wp\/v2\/pages\/83\/revisions"}],"predecessor-version":[{"id":325,"href":"https:\/\/krahule.com\/index.php?rest_route=\/wp\/v2\/pages\/83\/revisions\/325"}],"wp:attachment":[{"href":"https:\/\/krahule.com\/index.php?rest_route=%2Fwp%2Fv2%2Fmedia&parent=83"}],"curies":[{"name":"wp","href":"https:\/\/api.w.org\/{rel}","templated":true}]}}