{"id":52,"date":"2016-06-26T18:31:57","date_gmt":"2016-06-26T18:31:57","guid":{"rendered":"http:\/\/krahule.com\/?page_id=52"},"modified":"2020-05-29T16:30:44","modified_gmt":"2020-05-29T14:30:44","slug":"zlavy-last-minute-lyziarska-sezona","status":"publish","type":"page","link":"https:\/\/krahule.com\/?page_id=52","title":{"rendered":"Z\u013eavy, Last minute, ly\u017eiarska sez\u00f3na"},"content":{"rendered":"<p>Die\u0165a bez n\u00e1roku na poste\u013en\u00fa bielize\u0148 &#8211; zadarmo.<\/p>\n<p>Vlastn\u00e1 poste\u013en\u00e1 bielize\u0148\/spac\u00e1k &#8211; z\u013eava 3\u20ac<\/p>\n<p>Ceny po\u010das ly\u017eiarskej sez\u00f3ny s\u00fa vy\u0161\u0161ie kv\u00f4li n\u00e1kladom na vykurovanie.<\/p>\n\n\n<p><\/p>\n","protected":false},"excerpt":{"rendered":"<p>Die\u0165a bez n\u00e1roku na poste\u013en\u00fa bielize\u0148 &#8211; zadarmo. Vlastn\u00e1 poste\u013en\u00e1 bielize\u0148\/spac\u00e1k &#8211; z\u013eava 3\u20ac Ceny po\u010das ly\u017eiarskej sez\u00f3ny s\u00fa vy\u0161\u0161ie kv\u00f4li n\u00e1kladom na vykurovanie.<\/p>\n","protected":false},"author":1,"featured_media":0,"parent":0,"menu_order":0,"comment_status":"closed","ping_status":"closed","template":"","meta":{"footnotes":""},"class_list":["post-52","page","type-page","status-publish","hentry","post-preview"],"jetpack_sharing_enabled":true,"jetpack_shortlink":"https:\/\/wp.me\/P9kcSP-Q","jetpack_likes_enabled":true,"jetpack-related-posts":[],"_links":{"self":[{"href":"https:\/\/krahule.com\/index.php?rest_route=\/wp\/v2\/pages\/52","targetHints":{"allow":["GET"]}}],"collection":[{"href":"https:\/\/krahule.com\/index.php?rest_route=\/wp\/v2\/pages"}],"about":[{"href":"https:\/\/krahule.com\/index.php?rest_route=\/wp\/v2\/types\/page"}],"author":[{"embeddable":true,"href":"https:\/\/krahule.com\/index.php?rest_route=\/wp\/v2\/users\/1"}],"replies":[{"embeddable":true,"href":"https:\/\/krahule.com\/index.php?rest_route=%2Fwp%2Fv2%2Fcomments&post=52"}],"version-history":[{"count":2,"href":"https:\/\/krahule.com\/index.php?rest_route=\/wp\/v2\/pages\/52\/revisions"}],"predecessor-version":[{"id":292,"href":"https:\/\/krahule.com\/index.php?rest_route=\/wp\/v2\/pages\/52\/revisions\/292"}],"wp:attachment":[{"href":"https:\/\/krahule.com\/index.php?rest_route=%2Fwp%2Fv2%2Fmedia&parent=52"}],"curies":[{"name":"wp","href":"https:\/\/api.w.org\/{rel}","templated":true}]}}