{"id":35,"date":"2016-06-26T17:37:32","date_gmt":"2016-06-26T17:37:32","guid":{"rendered":"http:\/\/krahule.com\/?page_id=35"},"modified":"2017-01-08T05:47:14","modified_gmt":"2017-01-08T05:47:14","slug":"vybavenie","status":"publish","type":"page","link":"https:\/\/krahule.com\/?page_id=35","title":{"rendered":"Vybavenie"},"content":{"rendered":"<p>K dispoz\u00edcii je spolo\u010densk\u00e1 miestnos\u0165.<\/p>\n<div id=\"attachment_38\" style=\"width: 310px\" class=\"wp-caption alignleft\"><a href=\"https:\/\/i0.wp.com\/krahule.com\/wp-content\/uploads\/2016\/06\/Obyvacka.jpg?ssl=1\"><img data-recalc-dims=\"1\" loading=\"lazy\" decoding=\"async\" aria-describedby=\"caption-attachment-38\" data-attachment-id=\"38\" data-permalink=\"https:\/\/krahule.com\/?attachment_id=38\" data-orig-file=\"https:\/\/i0.wp.com\/krahule.com\/wp-content\/uploads\/2016\/06\/Obyvacka.jpg?fit=957%2C682&amp;ssl=1\" data-orig-size=\"957,682\" data-comments-opened=\"1\" data-image-meta=\"{&quot;aperture&quot;:&quot;2.9&quot;,&quot;credit&quot;:&quot;&quot;,&quot;camera&quot;:&quot;VG150,D735&quot;,&quot;caption&quot;:&quot;OLYMPUS DIGITAL CAMERA&quot;,&quot;created_timestamp&quot;:&quot;1452957337&quot;,&quot;copyright&quot;:&quot;&quot;,&quot;focal_length&quot;:&quot;4.8&quot;,&quot;iso&quot;:&quot;160&quot;,&quot;shutter_speed&quot;:&quot;0.033333333333333&quot;,&quot;title&quot;:&quot;OLYMPUS DIGITAL CAMERA&quot;,&quot;orientation&quot;:&quot;1&quot;}\" data-image-title=\"Spolo\u010densk\u00e1 miestnos\u0165\" data-image-description=\"\" data-image-caption=\"&lt;p&gt;Spolo\u010densk\u00e1 miestnos\u0165&lt;\/p&gt;\n\" data-medium-file=\"https:\/\/i0.wp.com\/krahule.com\/wp-content\/uploads\/2016\/06\/Obyvacka.jpg?fit=300%2C214&amp;ssl=1\" data-large-file=\"https:\/\/i0.wp.com\/krahule.com\/wp-content\/uploads\/2016\/06\/Obyvacka.jpg?fit=676%2C482&amp;ssl=1\" class=\"size-medium wp-image-38\" src=\"https:\/\/i0.wp.com\/krahule.com\/wp-content\/uploads\/2016\/06\/Obyvacka.jpg?resize=300%2C214&#038;ssl=1\" alt=\"Spolo\u010densk\u00e1 miestnos\u0165\" width=\"300\" height=\"214\" srcset=\"https:\/\/i0.wp.com\/krahule.com\/wp-content\/uploads\/2016\/06\/Obyvacka.jpg?resize=300%2C214&amp;ssl=1 300w, https:\/\/i0.wp.com\/krahule.com\/wp-content\/uploads\/2016\/06\/Obyvacka.jpg?resize=768%2C547&amp;ssl=1 768w, https:\/\/i0.wp.com\/krahule.com\/wp-content\/uploads\/2016\/06\/Obyvacka.jpg?w=957&amp;ssl=1 957w\" sizes=\"auto, (max-width: 300px) 100vw, 300px\" \/><\/a><p id=\"caption-attachment-38\" class=\"wp-caption-text\">Spolo\u010densk\u00e1 miestnos\u0165<\/p><\/div>\n<div id=\"attachment_39\" style=\"width: 310px\" class=\"wp-caption alignright\"><a href=\"https:\/\/i0.wp.com\/krahule.com\/wp-content\/uploads\/2016\/06\/Hala2.jpg?ssl=1\"><img data-recalc-dims=\"1\" loading=\"lazy\" decoding=\"async\" aria-describedby=\"caption-attachment-39\" data-attachment-id=\"39\" data-permalink=\"https:\/\/krahule.com\/?attachment_id=39\" data-orig-file=\"https:\/\/i0.wp.com\/krahule.com\/wp-content\/uploads\/2016\/06\/Hala2.jpg?fit=992%2C744&amp;ssl=1\" data-orig-size=\"992,744\" data-comments-opened=\"1\" data-image-meta=\"{&quot;aperture&quot;:&quot;2.9&quot;,&quot;credit&quot;:&quot;&quot;,&quot;camera&quot;:&quot;VG150,D735&quot;,&quot;caption&quot;:&quot;OLYMPUS DIGITAL CAMERA&quot;,&quot;created_timestamp&quot;:&quot;1452955850&quot;,&quot;copyright&quot;:&quot;&quot;,&quot;focal_length&quot;:&quot;4.8&quot;,&quot;iso&quot;:&quot;250&quot;,&quot;shutter_speed&quot;:&quot;0.033333333333333&quot;,&quot;title&quot;:&quot;OLYMPUS DIGITAL CAMERA&quot;,&quot;orientation&quot;:&quot;1&quot;}\" data-image-title=\"Spolo\u010densk\u00e1 miestnos\u0165\" data-image-description=\"\" data-image-caption=\"&lt;p&gt;Spolo\u010densk\u00e1 miestnos\u0165&lt;\/p&gt;\n\" data-medium-file=\"https:\/\/i0.wp.com\/krahule.com\/wp-content\/uploads\/2016\/06\/Hala2.jpg?fit=300%2C225&amp;ssl=1\" data-large-file=\"https:\/\/i0.wp.com\/krahule.com\/wp-content\/uploads\/2016\/06\/Hala2.jpg?fit=676%2C507&amp;ssl=1\" class=\"size-medium wp-image-39\" src=\"https:\/\/i0.wp.com\/krahule.com\/wp-content\/uploads\/2016\/06\/Hala2.jpg?resize=300%2C225&#038;ssl=1\" alt=\"Spolo\u010densk\u00e1 miestnos\u0165\" width=\"300\" height=\"225\" srcset=\"https:\/\/i0.wp.com\/krahule.com\/wp-content\/uploads\/2016\/06\/Hala2.jpg?resize=300%2C225&amp;ssl=1 300w, https:\/\/i0.wp.com\/krahule.com\/wp-content\/uploads\/2016\/06\/Hala2.jpg?resize=768%2C576&amp;ssl=1 768w, https:\/\/i0.wp.com\/krahule.com\/wp-content\/uploads\/2016\/06\/Hala2.jpg?w=992&amp;ssl=1 992w\" sizes=\"auto, (max-width: 300px) 100vw, 300px\" \/><\/a><p id=\"caption-attachment-39\" class=\"wp-caption-text\">Spolo\u010densk\u00e1 miestnos\u0165<\/p><\/div>\n<p>&nbsp;<\/p>\n<p>&nbsp;<\/p>\n<p>&nbsp;<\/p>\n<p>&nbsp;<\/p>\n<p>&nbsp;<\/p>\n<div id=\"attachment_42\" style=\"width: 160px\" class=\"wp-caption aligncenter\"><a href=\"https:\/\/i0.wp.com\/krahule.com\/wp-content\/uploads\/2016\/06\/Futbal.jpg?ssl=1\"><img data-recalc-dims=\"1\" loading=\"lazy\" decoding=\"async\" aria-describedby=\"caption-attachment-42\" data-attachment-id=\"42\" data-permalink=\"https:\/\/krahule.com\/?attachment_id=42\" data-orig-file=\"https:\/\/i0.wp.com\/krahule.com\/wp-content\/uploads\/2016\/06\/Futbal.jpg?fit=508%2C327&amp;ssl=1\" data-orig-size=\"508,327\" data-comments-opened=\"1\" data-image-meta=\"{&quot;aperture&quot;:&quot;2.8&quot;,&quot;credit&quot;:&quot;&quot;,&quot;camera&quot;:&quot;HUAWEI Y560-L01&quot;,&quot;caption&quot;:&quot;&quot;,&quot;created_timestamp&quot;:&quot;1466261205&quot;,&quot;copyright&quot;:&quot;&quot;,&quot;focal_length&quot;:&quot;3.2&quot;,&quot;iso&quot;:&quot;407&quot;,&quot;shutter_speed&quot;:&quot;0.076923076923077&quot;,&quot;title&quot;:&quot;&quot;,&quot;orientation&quot;:&quot;1&quot;}\" data-image-title=\"Futbal\" data-image-description=\"\" data-image-caption=\"&lt;p&gt;Stoln\u00fd futbal&lt;\/p&gt;\n\" data-medium-file=\"https:\/\/i0.wp.com\/krahule.com\/wp-content\/uploads\/2016\/06\/Futbal.jpg?fit=300%2C193&amp;ssl=1\" data-large-file=\"https:\/\/i0.wp.com\/krahule.com\/wp-content\/uploads\/2016\/06\/Futbal.jpg?fit=508%2C327&amp;ssl=1\" class=\"size-thumbnail wp-image-42\" src=\"https:\/\/i0.wp.com\/krahule.com\/wp-content\/uploads\/2016\/06\/Futbal.jpg?resize=150%2C150&#038;ssl=1\" alt=\"Stoln\u00fd futbal\" width=\"150\" height=\"150\" srcset=\"https:\/\/i0.wp.com\/krahule.com\/wp-content\/uploads\/2016\/06\/Futbal.jpg?resize=150%2C150&amp;ssl=1 150w, https:\/\/i0.wp.com\/krahule.com\/wp-content\/uploads\/2016\/06\/Futbal.jpg?zoom=2&amp;resize=150%2C150&amp;ssl=1 300w, https:\/\/i0.wp.com\/krahule.com\/wp-content\/uploads\/2016\/06\/Futbal.jpg?zoom=3&amp;resize=150%2C150&amp;ssl=1 450w\" sizes=\"auto, (max-width: 150px) 100vw, 150px\" \/><\/a><p id=\"caption-attachment-42\" class=\"wp-caption-text\">Stoln\u00fd futbal<\/p><\/div>\n<p>\u010eal\u0161ie veci sa t\u00fdkaj\u00fa izieb, lebo pr\u00e1zdninov\u00fd byt m\u00e1 vlastn\u00fa k\u00fape\u013e\u0148u a kuchy\u0148u s um\u00fdva\u010dkou riadu:<\/p>\n<p>Kuchy\u0148a s varnou induk\u010dnou doskou.<\/p>\n<div id=\"attachment_37\" style=\"width: 310px\" class=\"wp-caption aligncenter\"><a href=\"https:\/\/i0.wp.com\/krahule.com\/wp-content\/uploads\/2016\/06\/KuchynaDole.jpg?ssl=1\"><img data-recalc-dims=\"1\" loading=\"lazy\" decoding=\"async\" aria-describedby=\"caption-attachment-37\" data-attachment-id=\"37\" data-permalink=\"https:\/\/krahule.com\/?attachment_id=37\" data-orig-file=\"https:\/\/i0.wp.com\/krahule.com\/wp-content\/uploads\/2016\/06\/KuchynaDole.jpg?fit=772%2C735&amp;ssl=1\" data-orig-size=\"772,735\" data-comments-opened=\"1\" data-image-meta=\"{&quot;aperture&quot;:&quot;2.9&quot;,&quot;credit&quot;:&quot;&quot;,&quot;camera&quot;:&quot;VG150,D735&quot;,&quot;caption&quot;:&quot;OLYMPUS DIGITAL CAMERA&quot;,&quot;created_timestamp&quot;:&quot;1452955882&quot;,&quot;copyright&quot;:&quot;&quot;,&quot;focal_length&quot;:&quot;4.8&quot;,&quot;iso&quot;:&quot;100&quot;,&quot;shutter_speed&quot;:&quot;0.033333333333333&quot;,&quot;title&quot;:&quot;OLYMPUS DIGITAL CAMERA&quot;,&quot;orientation&quot;:&quot;1&quot;}\" data-image-title=\"Kuchy\u0148a dole\" data-image-description=\"\" data-image-caption=\"&lt;p&gt;Kuchy\u0148a dole&lt;\/p&gt;\n\" data-medium-file=\"https:\/\/i0.wp.com\/krahule.com\/wp-content\/uploads\/2016\/06\/KuchynaDole.jpg?fit=300%2C286&amp;ssl=1\" data-large-file=\"https:\/\/i0.wp.com\/krahule.com\/wp-content\/uploads\/2016\/06\/KuchynaDole.jpg?fit=676%2C644&amp;ssl=1\" class=\"size-medium wp-image-37\" src=\"https:\/\/i0.wp.com\/krahule.com\/wp-content\/uploads\/2016\/06\/KuchynaDole.jpg?resize=300%2C286&#038;ssl=1\" alt=\"Kuchy\u0148a dole\" width=\"300\" height=\"286\" srcset=\"https:\/\/i0.wp.com\/krahule.com\/wp-content\/uploads\/2016\/06\/KuchynaDole.jpg?resize=300%2C286&amp;ssl=1 300w, https:\/\/i0.wp.com\/krahule.com\/wp-content\/uploads\/2016\/06\/KuchynaDole.jpg?resize=768%2C731&amp;ssl=1 768w, https:\/\/i0.wp.com\/krahule.com\/wp-content\/uploads\/2016\/06\/KuchynaDole.jpg?w=772&amp;ssl=1 772w\" sizes=\"auto, (max-width: 300px) 100vw, 300px\" \/><\/a><p id=\"caption-attachment-37\" class=\"wp-caption-text\">Kuchy\u0148a dole<\/p><\/div>\n<p>K\u00fape\u013ene a WC na chodbe. Na dolnom podla\u017e\u00ed k dvom izb\u00e1m WC s k\u00fape\u013e\u0148ou a \u010fal\u0161ie WC.<\/p>\n<p>Na hornom tie\u017e ku dvom izb\u00e1m k\u00fape\u013e\u0148a a WC.<\/p>\n<div id=\"attachment_36\" style=\"width: 310px\" class=\"wp-caption aligncenter\"><a href=\"https:\/\/i0.wp.com\/krahule.com\/wp-content\/uploads\/2016\/06\/KupelnaDole.jpg?ssl=1\"><img data-recalc-dims=\"1\" loading=\"lazy\" decoding=\"async\" aria-describedby=\"caption-attachment-36\" data-attachment-id=\"36\" data-permalink=\"https:\/\/krahule.com\/?attachment_id=36\" data-orig-file=\"https:\/\/i0.wp.com\/krahule.com\/wp-content\/uploads\/2016\/06\/KupelnaDole.jpg?fit=992%2C744&amp;ssl=1\" data-orig-size=\"992,744\" data-comments-opened=\"1\" data-image-meta=\"{&quot;aperture&quot;:&quot;2.9&quot;,&quot;credit&quot;:&quot;&quot;,&quot;camera&quot;:&quot;VG150,D735&quot;,&quot;caption&quot;:&quot;OLYMPUS DIGITAL CAMERA&quot;,&quot;created_timestamp&quot;:&quot;1452956017&quot;,&quot;copyright&quot;:&quot;&quot;,&quot;focal_length&quot;:&quot;4.8&quot;,&quot;iso&quot;:&quot;125&quot;,&quot;shutter_speed&quot;:&quot;0.033333333333333&quot;,&quot;title&quot;:&quot;OLYMPUS DIGITAL CAMERA&quot;,&quot;orientation&quot;:&quot;1&quot;}\" data-image-title=\"OLYMPUS DIGITAL CAMERA\" data-image-description=\"\" data-image-caption=\"&lt;p&gt;K\u00fape\u013e\u0148a dole.&lt;\/p&gt;\n\" data-medium-file=\"https:\/\/i0.wp.com\/krahule.com\/wp-content\/uploads\/2016\/06\/KupelnaDole.jpg?fit=300%2C225&amp;ssl=1\" data-large-file=\"https:\/\/i0.wp.com\/krahule.com\/wp-content\/uploads\/2016\/06\/KupelnaDole.jpg?fit=676%2C507&amp;ssl=1\" class=\"size-medium wp-image-36\" src=\"https:\/\/i0.wp.com\/krahule.com\/wp-content\/uploads\/2016\/06\/KupelnaDole.jpg?resize=300%2C225&#038;ssl=1\" alt=\"K\u00fape\u013e\u0148a dole\" width=\"300\" height=\"225\" srcset=\"https:\/\/i0.wp.com\/krahule.com\/wp-content\/uploads\/2016\/06\/KupelnaDole.jpg?resize=300%2C225&amp;ssl=1 300w, https:\/\/i0.wp.com\/krahule.com\/wp-content\/uploads\/2016\/06\/KupelnaDole.jpg?resize=768%2C576&amp;ssl=1 768w, https:\/\/i0.wp.com\/krahule.com\/wp-content\/uploads\/2016\/06\/KupelnaDole.jpg?w=992&amp;ssl=1 992w\" sizes=\"auto, (max-width: 300px) 100vw, 300px\" \/><\/a><p id=\"caption-attachment-36\" class=\"wp-caption-text\">K\u00fape\u013e\u0148a dole.<\/p><\/div>\n<p>&nbsp;<\/p>\n<p>&nbsp;<\/p>\n<p>&nbsp;<\/p>\n","protected":false},"excerpt":{"rendered":"<p>K dispoz\u00edcii je spolo\u010densk\u00e1 miestnos\u0165. &nbsp; &nbsp; &nbsp; &nbsp; &nbsp; \u010eal\u0161ie veci sa t\u00fdkaj\u00fa izieb, lebo pr\u00e1zdninov\u00fd byt m\u00e1 vlastn\u00fa k\u00fape\u013e\u0148u a kuchy\u0148u s um\u00fdva\u010dkou riadu: Kuchy\u0148a s varnou induk\u010dnou doskou. K\u00fape\u013ene a WC na chodbe. Na dolnom podla\u017e\u00ed k dvom izb\u00e1m WC s k\u00fape\u013e\u0148ou a \u010fal\u0161ie WC. Na hornom tie\u017e ku dvom izb\u00e1m k\u00fape\u013e\u0148a [&hellip;]<\/p>\n","protected":false},"author":1,"featured_media":0,"parent":2,"menu_order":0,"comment_status":"closed","ping_status":"closed","template":"","meta":{"footnotes":""},"class_list":["post-35","page","type-page","status-publish","hentry","post-preview"],"jetpack_sharing_enabled":true,"jetpack_shortlink":"https:\/\/wp.me\/P9kcSP-z","jetpack_likes_enabled":true,"jetpack-related-posts":[],"_links":{"self":[{"href":"https:\/\/krahule.com\/index.php?rest_route=\/wp\/v2\/pages\/35","targetHints":{"allow":["GET"]}}],"collection":[{"href":"https:\/\/krahule.com\/index.php?rest_route=\/wp\/v2\/pages"}],"about":[{"href":"https:\/\/krahule.com\/index.php?rest_route=\/wp\/v2\/types\/page"}],"author":[{"embeddable":true,"href":"https:\/\/krahule.com\/index.php?rest_route=\/wp\/v2\/users\/1"}],"replies":[{"embeddable":true,"href":"https:\/\/krahule.com\/index.php?rest_route=%2Fwp%2Fv2%2Fcomments&post=35"}],"version-history":[{"count":4,"href":"https:\/\/krahule.com\/index.php?rest_route=\/wp\/v2\/pages\/35\/revisions"}],"predecessor-version":[{"id":129,"href":"https:\/\/krahule.com\/index.php?rest_route=\/wp\/v2\/pages\/35\/revisions\/129"}],"up":[{"embeddable":true,"href":"https:\/\/krahule.com\/index.php?rest_route=\/wp\/v2\/pages\/2"}],"wp:attachment":[{"href":"https:\/\/krahule.com\/index.php?rest_route=%2Fwp%2Fv2%2Fmedia&parent=35"}],"curies":[{"name":"wp","href":"https:\/\/api.w.org\/{rel}","templated":true}]}}