{"id":28,"date":"2016-06-26T17:18:50","date_gmt":"2016-06-26T17:18:50","guid":{"rendered":"http:\/\/krahule.com\/?page_id=28"},"modified":"2016-06-26T17:27:28","modified_gmt":"2016-06-26T17:27:28","slug":"infrasauna","status":"publish","type":"page","link":"https:\/\/krahule.com\/?page_id=28","title":{"rendered":"Infrasauna"},"content":{"rendered":"<p>Prehriatie a prekrvenie poko\u017eky, detoxik\u00e1ciu organizmu, pomoc pri chudnut\u00ed&#8230;<\/p>\n<p>Tak m\u00f4\u017ee pom\u00f4c\u0165 infrasauna.<\/p>\n","protected":false},"excerpt":{"rendered":"<p>Prehriatie a prekrvenie poko\u017eky, detoxik\u00e1ciu organizmu, pomoc pri chudnut\u00ed&#8230; Tak m\u00f4\u017ee pom\u00f4c\u0165 infrasauna.<\/p>\n","protected":false},"author":1,"featured_media":0,"parent":0,"menu_order":0,"comment_status":"closed","ping_status":"closed","template":"","meta":{"footnotes":""},"class_list":["post-28","page","type-page","status-publish","hentry","post-preview"],"jetpack_sharing_enabled":true,"jetpack_shortlink":"https:\/\/wp.me\/P9kcSP-s","jetpack_likes_enabled":true,"jetpack-related-posts":[],"_links":{"self":[{"href":"https:\/\/krahule.com\/index.php?rest_route=\/wp\/v2\/pages\/28","targetHints":{"allow":["GET"]}}],"collection":[{"href":"https:\/\/krahule.com\/index.php?rest_route=\/wp\/v2\/pages"}],"about":[{"href":"https:\/\/krahule.com\/index.php?rest_route=\/wp\/v2\/types\/page"}],"author":[{"embeddable":true,"href":"https:\/\/krahule.com\/index.php?rest_route=\/wp\/v2\/users\/1"}],"replies":[{"embeddable":true,"href":"https:\/\/krahule.com\/index.php?rest_route=%2Fwp%2Fv2%2Fcomments&post=28"}],"version-history":[{"count":3,"href":"https:\/\/krahule.com\/index.php?rest_route=\/wp\/v2\/pages\/28\/revisions"}],"predecessor-version":[{"id":343,"href":"https:\/\/krahule.com\/index.php?rest_route=\/wp\/v2\/pages\/28\/revisions\/343"}],"wp:attachment":[{"href":"https:\/\/krahule.com\/index.php?rest_route=%2Fwp%2Fv2%2Fmedia&parent=28"}],"curies":[{"name":"wp","href":"https:\/\/api.w.org\/{rel}","templated":true}]}}