{"id":24,"date":"2016-06-26T17:10:41","date_gmt":"2016-06-26T17:10:41","guid":{"rendered":"http:\/\/krahule.com\/?page_id=24"},"modified":"2023-12-10T15:20:53","modified_gmt":"2023-12-10T14:20:53","slug":"izba","status":"publish","type":"page","link":"https:\/\/krahule.com\/?page_id=24","title":{"rendered":"Izba"},"content":{"rendered":"<p>M\u00f4\u017eete si odd\u00fdchnu\u0165 v jednej zo \u0161tyroch rovnak\u00fdch izieb.<\/p>\n<p><a href=\"https:\/\/i0.wp.com\/krahule.com\/wp-content\/uploads\/2016\/06\/IzbamM-e1467916142383.jpg?ssl=1\"><img data-recalc-dims=\"1\" loading=\"lazy\" decoding=\"async\" data-attachment-id=\"62\" data-permalink=\"https:\/\/krahule.com\/?attachment_id=62\" data-orig-file=\"https:\/\/i0.wp.com\/krahule.com\/wp-content\/uploads\/2016\/06\/IzbamM-e1467916142383.jpg?fit=980%2C542&amp;ssl=1\" data-orig-size=\"980,542\" data-comments-opened=\"1\" data-image-meta=\"{&quot;aperture&quot;:&quot;3.5&quot;,&quot;credit&quot;:&quot;&quot;,&quot;camera&quot;:&quot;SP600UZ&quot;,&quot;caption&quot;:&quot;OLYMPUS DIGITAL CAMERA&quot;,&quot;created_timestamp&quot;:&quot;1467719105&quot;,&quot;copyright&quot;:&quot;&quot;,&quot;focal_length&quot;:&quot;5&quot;,&quot;iso&quot;:&quot;400&quot;,&quot;shutter_speed&quot;:&quot;0.125&quot;,&quot;title&quot;:&quot;OLYMPUS DIGITAL CAMERA&quot;,&quot;orientation&quot;:&quot;1&quot;}\" data-image-title=\"\" data-image-description=\"\" data-image-caption=\"&lt;p&gt;Vila Tina, Krahule. Izba&lt;\/p&gt;\n\" data-large-file=\"https:\/\/i0.wp.com\/krahule.com\/wp-content\/uploads\/2016\/06\/IzbamM-e1467916142383.jpg?fit=676%2C374&amp;ssl=1\" class=\"wp-image-62 size-full\" src=\"https:\/\/i0.wp.com\/krahule.com\/wp-content\/uploads\/2016\/06\/IzbamM-e1467916142383.jpg?resize=676%2C374&#038;ssl=1\" alt=\"Vila Tina, Krahule. Izba\" width=\"676\" height=\"374\" \/><\/a><\/p>\n<div id=\"attachment_61\" style=\"width: 490px\" class=\"wp-caption alignright\"><a href=\"https:\/\/i0.wp.com\/krahule.com\/wp-content\/uploads\/2016\/06\/IzbaM-e1467915681124.jpg?ssl=1\"><img data-recalc-dims=\"1\" loading=\"lazy\" decoding=\"async\" aria-describedby=\"caption-attachment-61\" data-attachment-id=\"61\" data-permalink=\"https:\/\/krahule.com\/?attachment_id=61\" data-orig-file=\"https:\/\/i0.wp.com\/krahule.com\/wp-content\/uploads\/2016\/06\/IzbaM-e1467915681124.jpg?fit=552%2C736&amp;ssl=1\" data-orig-size=\"552,736\" data-comments-opened=\"1\" data-image-meta=\"{&quot;aperture&quot;:&quot;4.1&quot;,&quot;credit&quot;:&quot;&quot;,&quot;camera&quot;:&quot;SP600UZ&quot;,&quot;caption&quot;:&quot;OLYMPUS DIGITAL CAMERA&quot;,&quot;created_timestamp&quot;:&quot;1467718147&quot;,&quot;copyright&quot;:&quot;&quot;,&quot;focal_length&quot;:&quot;10.6&quot;,&quot;iso&quot;:&quot;320&quot;,&quot;shutter_speed&quot;:&quot;0.125&quot;,&quot;title&quot;:&quot;OLYMPUS DIGITAL CAMERA&quot;,&quot;orientation&quot;:&quot;1&quot;}\" data-image-title=\"Izba\" data-image-description=\"\" data-image-caption=\"&lt;p&gt;Vila Tina &amp;#8211; Izba l\u00f4\u017eko&lt;\/p&gt;\n\" data-large-file=\"https:\/\/i0.wp.com\/krahule.com\/wp-content\/uploads\/2016\/06\/IzbaM-e1467915681124.jpg?fit=676%2C902&amp;ssl=1\" class=\"wp-image-61 size-thumbnail\" src=\"https:\/\/i0.wp.com\/krahule.com\/wp-content\/uploads\/2016\/06\/IzbaM.jpg?resize=480%2C640&#038;ssl=1\" alt=\"Vila Tina - Izba l\u00f4\u017eko\" width=\"480\" height=\"640\" \/><\/a><p id=\"caption-attachment-61\" class=\"wp-caption-text\">Vila Tina &#8211; Izba l\u00f4\u017eko<\/p><\/div>\n<p>Kapacita: 2 st\u00e1le l\u00f4\u017eka. Okrem \u0161tandardnej v\u00fdbavy (postele, stoli\u010dky, st\u00f4l, skri\u0148a, no\u010dn\u00e9 stol\u00edky a zrkadlo) pon\u00fakame gau\u010d, ktor\u00fd sa d\u00e1 vyu\u017ei\u0165 aj ako pr\u00edstelka, botn\u00edk a n\u00e1stenn\u00fd ve\u0161iak.<\/p>\n<p>N\u00e1bytok z mas\u00edvneho dreva (\u017eiadna drevotrieska).<\/p>\n<p><a href=\"https:\/\/i0.wp.com\/krahule.com\/wp-content\/uploads\/2016\/06\/Nabytok.jpg?ssl=1\"><img data-recalc-dims=\"1\" loading=\"lazy\" decoding=\"async\" data-attachment-id=\"25\" data-permalink=\"https:\/\/krahule.com\/?attachment_id=25\" data-orig-file=\"https:\/\/i0.wp.com\/krahule.com\/wp-content\/uploads\/2016\/06\/Nabytok.jpg?fit=460%2C614&amp;ssl=1\" data-orig-size=\"460,614\" data-comments-opened=\"1\" data-image-meta=\"{&quot;aperture&quot;:&quot;2.9&quot;,&quot;credit&quot;:&quot;&quot;,&quot;camera&quot;:&quot;VG150,D735&quot;,&quot;caption&quot;:&quot;OLYMPUS DIGITAL CAMERA&quot;,&quot;created_timestamp&quot;:&quot;1452955953&quot;,&quot;copyright&quot;:&quot;&quot;,&quot;focal_length&quot;:&quot;4.8&quot;,&quot;iso&quot;:&quot;100&quot;,&quot;shutter_speed&quot;:&quot;0.02&quot;,&quot;title&quot;:&quot;OLYMPUS DIGITAL CAMERA&quot;,&quot;orientation&quot;:&quot;1&quot;}\" data-image-title=\"Vila Tina &amp;#8211; Izba n\u00e1bytok\" data-image-description=\"&lt;p&gt;Vila Tina, Ly\u017eiarske stredisko Krahule, n\u00e1bytok.&lt;\/p&gt;\n\" data-image-caption=\"&lt;p&gt;Izba &amp;#8211; n\u00e1bytok.&lt;\/p&gt;\n\" data-large-file=\"https:\/\/i0.wp.com\/krahule.com\/wp-content\/uploads\/2016\/06\/Nabytok.jpg?fit=460%2C614&amp;ssl=1\" class=\"size-medium wp-image-25\" src=\"https:\/\/i0.wp.com\/krahule.com\/wp-content\/uploads\/2016\/06\/Nabytok.jpg?resize=225%2C300&#038;ssl=1\" alt=\"Vila Tina - Izba n\u00e1bytok\" width=\"225\" height=\"300\" srcset=\"https:\/\/i0.wp.com\/krahule.com\/wp-content\/uploads\/2016\/06\/Nabytok.jpg?resize=225%2C300&amp;ssl=1 225w, https:\/\/i0.wp.com\/krahule.com\/wp-content\/uploads\/2016\/06\/Nabytok.jpg?w=460&amp;ssl=1 460w\" sizes=\"auto, (max-width: 225px) 100vw, 225px\" \/><\/a><\/p>\n<p>Izba &#8211; n\u00e1bytok.<\/p>\n<div id=\"attachment_26\" style=\"width: 310px\" class=\"wp-caption alignright\"><a href=\"https:\/\/i0.wp.com\/krahule.com\/wp-content\/uploads\/2016\/06\/Postel-1.jpg?ssl=1\"><img data-recalc-dims=\"1\" loading=\"lazy\" decoding=\"async\" aria-describedby=\"caption-attachment-26\" data-attachment-id=\"26\" data-permalink=\"https:\/\/krahule.com\/?attachment_id=26\" data-orig-file=\"https:\/\/i0.wp.com\/krahule.com\/wp-content\/uploads\/2016\/06\/Postel-1.jpg?fit=866%2C402&amp;ssl=1\" data-orig-size=\"866,402\" data-comments-opened=\"1\" data-image-meta=\"{&quot;aperture&quot;:&quot;2.9&quot;,&quot;credit&quot;:&quot;&quot;,&quot;camera&quot;:&quot;VG150,D735&quot;,&quot;caption&quot;:&quot;OLYMPUS DIGITAL CAMERA&quot;,&quot;created_timestamp&quot;:&quot;1448897069&quot;,&quot;copyright&quot;:&quot;&quot;,&quot;focal_length&quot;:&quot;4.8&quot;,&quot;iso&quot;:&quot;160&quot;,&quot;shutter_speed&quot;:&quot;0.033333333333333&quot;,&quot;title&quot;:&quot;OLYMPUS DIGITAL CAMERA&quot;,&quot;orientation&quot;:&quot;1&quot;}\" data-image-title=\"Vila Tina &amp;#8211; Izba &amp;#8211; gau\u010d.\" data-image-description=\"\" data-image-caption=\"&lt;p&gt;Izba &amp;#8211; gau\u010d&lt;\/p&gt;\n\" data-large-file=\"https:\/\/i0.wp.com\/krahule.com\/wp-content\/uploads\/2016\/06\/Postel-1.jpg?fit=676%2C314&amp;ssl=1\" class=\"size-medium wp-image-26\" src=\"https:\/\/i0.wp.com\/krahule.com\/wp-content\/uploads\/2016\/06\/Postel-1.jpg?resize=300%2C139&#038;ssl=1\" alt=\"Vila Tina - Izba - gau\u010d.\" width=\"300\" height=\"139\" srcset=\"https:\/\/i0.wp.com\/krahule.com\/wp-content\/uploads\/2016\/06\/Postel-1.jpg?resize=300%2C139&amp;ssl=1 300w, https:\/\/i0.wp.com\/krahule.com\/wp-content\/uploads\/2016\/06\/Postel-1.jpg?resize=768%2C357&amp;ssl=1 768w, https:\/\/i0.wp.com\/krahule.com\/wp-content\/uploads\/2016\/06\/Postel-1.jpg?w=866&amp;ssl=1 866w\" sizes=\"auto, (max-width: 300px) 100vw, 300px\" \/><\/a><p id=\"caption-attachment-26\" class=\"wp-caption-text\">Izba &#8211; gau\u010d<\/p><\/div>\n","protected":false},"excerpt":{"rendered":"<p>M\u00f4\u017eete si odd\u00fdchnu\u0165 v jednej zo \u0161tyroch rovnak\u00fdch izieb. Kapacita: 2 st\u00e1le l\u00f4\u017eka. Okrem \u0161tandardnej v\u00fdbavy (postele, stoli\u010dky, st\u00f4l, skri\u0148a, no\u010dn\u00e9 stol\u00edky a zrkadlo) pon\u00fakame gau\u010d, ktor\u00fd sa d\u00e1 vyu\u017ei\u0165 aj ako pr\u00edstelka, botn\u00edk a n\u00e1stenn\u00fd ve\u0161iak. N\u00e1bytok z mas\u00edvneho dreva (\u017eiadna drevotrieska). Izba &#8211; n\u00e1bytok.<\/p>\n","protected":false},"author":1,"featured_media":0,"parent":2,"menu_order":0,"comment_status":"closed","ping_status":"closed","template":"","meta":{"footnotes":""},"class_list":["post-24","page","type-page","status-publish","hentry","post-preview"],"jetpack_sharing_enabled":true,"jetpack_shortlink":"https:\/\/wp.me\/P9kcSP-o","jetpack_likes_enabled":true,"jetpack-related-posts":[],"_links":{"self":[{"href":"https:\/\/krahule.com\/index.php?rest_route=\/wp\/v2\/pages\/24","targetHints":{"allow":["GET"]}}],"collection":[{"href":"https:\/\/krahule.com\/index.php?rest_route=\/wp\/v2\/pages"}],"about":[{"href":"https:\/\/krahule.com\/index.php?rest_route=\/wp\/v2\/types\/page"}],"author":[{"embeddable":true,"href":"https:\/\/krahule.com\/index.php?rest_route=\/wp\/v2\/users\/1"}],"replies":[{"embeddable":true,"href":"https:\/\/krahule.com\/index.php?rest_route=%2Fwp%2Fv2%2Fcomments&post=24"}],"version-history":[{"count":7,"href":"https:\/\/krahule.com\/index.php?rest_route=\/wp\/v2\/pages\/24\/revisions"}],"predecessor-version":[{"id":331,"href":"https:\/\/krahule.com\/index.php?rest_route=\/wp\/v2\/pages\/24\/revisions\/331"}],"up":[{"embeddable":true,"href":"https:\/\/krahule.com\/index.php?rest_route=\/wp\/v2\/pages\/2"}],"wp:attachment":[{"href":"https:\/\/krahule.com\/index.php?rest_route=%2Fwp%2Fv2%2Fmedia&parent=24"}],"curies":[{"name":"wp","href":"https:\/\/api.w.org\/{rel}","templated":true}]}}