{"id":2,"date":"2016-06-24T14:19:41","date_gmt":"2016-06-24T14:19:41","guid":{"rendered":"http:\/\/krahule.com\/?page_id=2"},"modified":"2016-11-29T12:17:34","modified_gmt":"2016-11-29T12:17:34","slug":"about","status":"publish","type":"page","link":"https:\/\/krahule.com\/?page_id=2","title":{"rendered":"Pobyt v horskom prostred\u00ed."},"content":{"rendered":"<p style=\"text-align: center;\">Pr\u00ed\u010fte so svojimi priate\u013emi a u\u017eite si spolo\u010dn\u00fa rados\u0165 na zjazdovk\u00e1ch, be\u017ek\u00e1ch, turistike&#8230;<\/p>\n<p>&nbsp;<\/p>\n<div id=\"attachment_59\" style=\"width: 686px\" class=\"wp-caption aligncenter\"><a href=\"https:\/\/i0.wp.com\/krahule.com\/wp-content\/uploads\/2016\/06\/KuchynaM-e1467915257238.jpg?ssl=1\"><img data-recalc-dims=\"1\" loading=\"lazy\" decoding=\"async\" aria-describedby=\"caption-attachment-59\" data-attachment-id=\"59\" data-permalink=\"https:\/\/krahule.com\/?attachment_id=59\" data-orig-file=\"https:\/\/i0.wp.com\/krahule.com\/wp-content\/uploads\/2016\/06\/KuchynaM-e1467915257238.jpg?fit=1000%2C442&amp;ssl=1\" data-orig-size=\"1000,442\" data-comments-opened=\"1\" data-image-meta=\"{&quot;aperture&quot;:&quot;3.5&quot;,&quot;credit&quot;:&quot;&quot;,&quot;camera&quot;:&quot;SP600UZ&quot;,&quot;caption&quot;:&quot;OLYMPUS DIGITAL CAMERA&quot;,&quot;created_timestamp&quot;:&quot;1467717490&quot;,&quot;copyright&quot;:&quot;&quot;,&quot;focal_length&quot;:&quot;5&quot;,&quot;iso&quot;:&quot;160&quot;,&quot;shutter_speed&quot;:&quot;0.033333333333333&quot;,&quot;title&quot;:&quot;OLYMPUS DIGITAL CAMERA&quot;,&quot;orientation&quot;:&quot;1&quot;}\" data-image-title=\"Vila Tina Krahule\" data-image-description=\"\" data-image-caption=\"&lt;p&gt;Vila Tina Krahule&lt;\/p&gt;\n\" data-medium-file=\"https:\/\/i0.wp.com\/krahule.com\/wp-content\/uploads\/2016\/06\/KuchynaM-e1467915257238.jpg?fit=595%2C263&amp;ssl=1\" data-large-file=\"https:\/\/i0.wp.com\/krahule.com\/wp-content\/uploads\/2016\/06\/KuchynaM-e1467915257238.jpg?fit=676%2C299&amp;ssl=1\" class=\"size-large wp-image-59\" src=\"https:\/\/i0.wp.com\/krahule.com\/wp-content\/uploads\/2016\/06\/KuchynaM.jpg?resize=676%2C299&#038;ssl=1\" alt=\"Vila Tina Krahule\" width=\"676\" height=\"299\" \/><\/a><p id=\"caption-attachment-59\" class=\"wp-caption-text\">Vila Tina Krahule<\/p><\/div>\n<div id=\"attachment_4\" style=\"width: 310px\" class=\"wp-caption alignleft\"><a href=\"https:\/\/i0.wp.com\/krahule.com\/wp-content\/uploads\/2016\/06\/Vila_Tina.jpg?ssl=1\"><img data-recalc-dims=\"1\" loading=\"lazy\" decoding=\"async\" aria-describedby=\"caption-attachment-4\" data-attachment-id=\"4\" data-permalink=\"https:\/\/krahule.com\/?attachment_id=4\" data-orig-file=\"https:\/\/i0.wp.com\/krahule.com\/wp-content\/uploads\/2016\/06\/Vila_Tina.jpg?fit=642%2C481&amp;ssl=1\" data-orig-size=\"642,481\" data-comments-opened=\"1\" data-image-meta=\"{&quot;aperture&quot;:&quot;2.8&quot;,&quot;credit&quot;:&quot;&quot;,&quot;camera&quot;:&quot;HUAWEI Y560-L01&quot;,&quot;caption&quot;:&quot;&quot;,&quot;created_timestamp&quot;:&quot;1460800273&quot;,&quot;copyright&quot;:&quot;&quot;,&quot;focal_length&quot;:&quot;3.2&quot;,&quot;iso&quot;:&quot;50&quot;,&quot;shutter_speed&quot;:&quot;0.0011778563015312&quot;,&quot;title&quot;:&quot;&quot;,&quot;orientation&quot;:&quot;1&quot;}\" data-image-title=\"Vila_Tina\" data-image-description=\"&lt;p&gt;Vila Tina na Krahuliach. Ubytovanie na s\u00fakrom\u00ed. Ly\u017eovanie, vlek, vhodn\u00e9 pre rodiny a deti. Turistika. Cca. desa\u0165 kilometrov Tur\u010dianske Teplice. Kremnica e\u0161te bli\u017e\u0161ie.&lt;\/p&gt;\n\" data-image-caption=\"&lt;p&gt;Krahule ubytovanie ly\u017eova\u0165, turistika luxus&lt;\/p&gt;\n\" data-medium-file=\"https:\/\/i0.wp.com\/krahule.com\/wp-content\/uploads\/2016\/06\/Vila_Tina.jpg?fit=300%2C225&amp;ssl=1\" data-large-file=\"https:\/\/i0.wp.com\/krahule.com\/wp-content\/uploads\/2016\/06\/Vila_Tina.jpg?fit=642%2C481&amp;ssl=1\" class=\"size-medium wp-image-4\" src=\"https:\/\/i0.wp.com\/krahule.com\/wp-content\/uploads\/2016\/06\/Vila_Tina.jpg?resize=300%2C225&#038;ssl=1\" alt=\"Ubytovanie Krahule\" width=\"300\" height=\"225\" srcset=\"https:\/\/i0.wp.com\/krahule.com\/wp-content\/uploads\/2016\/06\/Vila_Tina.jpg?resize=300%2C225&amp;ssl=1 300w, https:\/\/i0.wp.com\/krahule.com\/wp-content\/uploads\/2016\/06\/Vila_Tina.jpg?w=642&amp;ssl=1 642w\" sizes=\"auto, (max-width: 300px) 100vw, 300px\" \/><\/a><p id=\"caption-attachment-4\" class=\"wp-caption-text\">Krahule ubytovanie. Mo\u017enos\u0165 ly\u017eova\u0165, turistika luxus v pr\u00e1zdninovom byte.<\/p><\/div>\n<p>V bl\u00edzkosti nen\u00e1ro\u010dn\u00e9 turistick\u00e9 trasy s peknou pr\u00edrodou. Pe\u0161o sa d\u00e1 z\u00eds\u0165 popri vodop\u00e1doch do Kremnice.<\/p>\n<p>Asi 10 km od Tur\u010dianskych Tepl\u00edc.<\/p>\n<p>Ubytovanie v <a href=\"https:\/\/krahule.com\/about\/prazdninovy-byt-kralovsky-vyhlad\/\">pr\u00e1zdninovom byte<\/a> so sprchou, kuchy\u0148ou, balk\u00f3nom&#8230; pre 3-5 os\u00f4b + pr\u00edpadne die\u0165a.<\/p>\n<div id=\"attachment_14\" style=\"width: 310px\" class=\"wp-caption aligncenter\"><a href=\"https:\/\/i0.wp.com\/krahule.com\/wp-content\/uploads\/2016\/06\/Fotele-1.jpg?ssl=1\"><img data-recalc-dims=\"1\" loading=\"lazy\" decoding=\"async\" aria-describedby=\"caption-attachment-14\" data-attachment-id=\"14\" data-permalink=\"https:\/\/krahule.com\/?attachment_id=14\" data-orig-file=\"https:\/\/i0.wp.com\/krahule.com\/wp-content\/uploads\/2016\/06\/Fotele-1.jpg?fit=963%2C722&amp;ssl=1\" data-orig-size=\"963,722\" data-comments-opened=\"1\" data-image-meta=\"{&quot;aperture&quot;:&quot;2.9&quot;,&quot;credit&quot;:&quot;&quot;,&quot;camera&quot;:&quot;VG150,D735&quot;,&quot;caption&quot;:&quot;OLYMPUS DIGITAL CAMERA&quot;,&quot;created_timestamp&quot;:&quot;1452956136&quot;,&quot;copyright&quot;:&quot;&quot;,&quot;focal_length&quot;:&quot;4.8&quot;,&quot;iso&quot;:&quot;125&quot;,&quot;shutter_speed&quot;:&quot;0.033333333333333&quot;,&quot;title&quot;:&quot;OLYMPUS DIGITAL CAMERA&quot;,&quot;orientation&quot;:&quot;1&quot;}\" data-image-title=\"K\u00fatik v pr\u00e1zdninovom byte &amp;#8211; kresl\u00e1\" data-image-description=\"\" data-image-caption=\"&lt;p&gt;Vila Tina, Krahule. Pr\u00e1zdninov\u00fd byt.&lt;\/p&gt;\n\" data-medium-file=\"https:\/\/i0.wp.com\/krahule.com\/wp-content\/uploads\/2016\/06\/Fotele-1.jpg?fit=300%2C225&amp;ssl=1\" data-large-file=\"https:\/\/i0.wp.com\/krahule.com\/wp-content\/uploads\/2016\/06\/Fotele-1.jpg?fit=676%2C507&amp;ssl=1\" class=\"wp-image-14 size-medium\" src=\"https:\/\/i0.wp.com\/krahule.com\/wp-content\/uploads\/2016\/06\/Fotele-1.jpg?resize=300%2C225&#038;ssl=1\" alt=\"Vila Tina, Krahule. Pr\u00e1zdninov\u00fd byt. K\u00fatik s kreslami.\" width=\"300\" height=\"225\" srcset=\"https:\/\/i0.wp.com\/krahule.com\/wp-content\/uploads\/2016\/06\/Fotele-1.jpg?resize=300%2C225&amp;ssl=1 300w, https:\/\/i0.wp.com\/krahule.com\/wp-content\/uploads\/2016\/06\/Fotele-1.jpg?resize=768%2C576&amp;ssl=1 768w, https:\/\/i0.wp.com\/krahule.com\/wp-content\/uploads\/2016\/06\/Fotele-1.jpg?w=963&amp;ssl=1 963w\" sizes=\"auto, (max-width: 300px) 100vw, 300px\" \/><\/a><p id=\"caption-attachment-14\" class=\"wp-caption-text\">Pr\u00e1zdninov\u00fd byt. K\u00fatik s kreslami<\/p><\/div>\n<p>Okrem toho 4 <a href=\"https:\/\/krahule.com\/about\/izba\/\">izby<\/a> s dvoma st\u00e1lymi l\u00f4\u017ekami a gau\u010dom.<\/p>\n<div id=\"attachment_15\" style=\"width: 310px\" class=\"wp-caption aligncenter\"><a href=\"https:\/\/i0.wp.com\/krahule.com\/wp-content\/uploads\/2016\/06\/Postel.jpg?ssl=1\"><img data-recalc-dims=\"1\" loading=\"lazy\" decoding=\"async\" aria-describedby=\"caption-attachment-15\" data-attachment-id=\"15\" data-permalink=\"https:\/\/krahule.com\/?attachment_id=15\" data-orig-file=\"https:\/\/i0.wp.com\/krahule.com\/wp-content\/uploads\/2016\/06\/Postel.jpg?fit=866%2C402&amp;ssl=1\" data-orig-size=\"866,402\" data-comments-opened=\"1\" data-image-meta=\"{&quot;aperture&quot;:&quot;2.9&quot;,&quot;credit&quot;:&quot;&quot;,&quot;camera&quot;:&quot;VG150,D735&quot;,&quot;caption&quot;:&quot;OLYMPUS DIGITAL CAMERA&quot;,&quot;created_timestamp&quot;:&quot;1448897069&quot;,&quot;copyright&quot;:&quot;&quot;,&quot;focal_length&quot;:&quot;4.8&quot;,&quot;iso&quot;:&quot;160&quot;,&quot;shutter_speed&quot;:&quot;0.033333333333333&quot;,&quot;title&quot;:&quot;OLYMPUS DIGITAL CAMERA&quot;,&quot;orientation&quot;:&quot;1&quot;}\" data-image-title=\"Vila Tina, Izba l\u00f4\u017eka\" data-image-description=\"\" data-image-caption=\"&lt;p&gt;Izba &amp;#8211; l\u00f4\u017eka&lt;\/p&gt;\n\" data-medium-file=\"https:\/\/i0.wp.com\/krahule.com\/wp-content\/uploads\/2016\/06\/Postel.jpg?fit=300%2C139&amp;ssl=1\" data-large-file=\"https:\/\/i0.wp.com\/krahule.com\/wp-content\/uploads\/2016\/06\/Postel.jpg?fit=676%2C314&amp;ssl=1\" class=\"size-medium wp-image-15\" src=\"https:\/\/i0.wp.com\/krahule.com\/wp-content\/uploads\/2016\/06\/Postel.jpg?resize=300%2C139&#038;ssl=1\" alt=\"Izba - l\u00f4\u017eka\" width=\"300\" height=\"139\" srcset=\"https:\/\/i0.wp.com\/krahule.com\/wp-content\/uploads\/2016\/06\/Postel.jpg?resize=300%2C139&amp;ssl=1 300w, https:\/\/i0.wp.com\/krahule.com\/wp-content\/uploads\/2016\/06\/Postel.jpg?resize=768%2C357&amp;ssl=1 768w, https:\/\/i0.wp.com\/krahule.com\/wp-content\/uploads\/2016\/06\/Postel.jpg?w=866&amp;ssl=1 866w\" sizes=\"auto, (max-width: 300px) 100vw, 300px\" \/><\/a><p id=\"caption-attachment-15\" class=\"wp-caption-text\">Izba &#8211; l\u00f4\u017eka<\/p><\/div>\n<p>Ceny od 9\u20ac do 16<\/p>\n<p>\u20ac (mimo ly\u017eiarskej sez\u00f3ny)<\/p>\n<p>Celkov\u00e1 kapacita: 11-22<\/p>\n<div id=\"attachment_31\" style=\"width: 230px\" class=\"wp-caption alignright\"><a href=\"https:\/\/i0.wp.com\/krahule.com\/wp-content\/uploads\/2016\/06\/Sauna.jpg?ssl=1\"><img data-recalc-dims=\"1\" loading=\"lazy\" decoding=\"async\" aria-describedby=\"caption-attachment-31\" data-attachment-id=\"31\" data-permalink=\"https:\/\/krahule.com\/?attachment_id=31\" data-orig-file=\"https:\/\/i0.wp.com\/krahule.com\/wp-content\/uploads\/2016\/06\/Sauna.jpg?fit=229%2C312&amp;ssl=1\" data-orig-size=\"229,312\" data-comments-opened=\"1\" data-image-meta=\"{&quot;aperture&quot;:&quot;2.9&quot;,&quot;credit&quot;:&quot;&quot;,&quot;camera&quot;:&quot;VG150,D735&quot;,&quot;caption&quot;:&quot;OLYMPUS DIGITAL CAMERA&quot;,&quot;created_timestamp&quot;:&quot;1452955652&quot;,&quot;copyright&quot;:&quot;&quot;,&quot;focal_length&quot;:&quot;4.8&quot;,&quot;iso&quot;:&quot;100&quot;,&quot;shutter_speed&quot;:&quot;0.0125&quot;,&quot;title&quot;:&quot;OLYMPUS DIGITAL CAMERA&quot;,&quot;orientation&quot;:&quot;1&quot;}\" data-image-title=\"OLYMPUS DIGITAL CAMERA\" data-image-description=\"&lt;p&gt;Infrasauna&lt;\/p&gt;\n\" data-image-caption=\"&lt;p&gt;OLYMPUS DIGITAL CAMERA&lt;\/p&gt;\n\" data-medium-file=\"https:\/\/i0.wp.com\/krahule.com\/wp-content\/uploads\/2016\/06\/Sauna.jpg?fit=220%2C300&amp;ssl=1\" data-large-file=\"https:\/\/i0.wp.com\/krahule.com\/wp-content\/uploads\/2016\/06\/Sauna.jpg?fit=229%2C312&amp;ssl=1\" class=\"wp-image-31 size-medium\" src=\"https:\/\/i0.wp.com\/krahule.com\/wp-content\/uploads\/2016\/06\/Sauna.jpg?resize=220%2C300&#038;ssl=1\" alt=\"Vila Tina - infrasauna\" width=\"220\" height=\"300\" srcset=\"https:\/\/i0.wp.com\/krahule.com\/wp-content\/uploads\/2016\/06\/Sauna.jpg?resize=220%2C300&amp;ssl=1 220w, https:\/\/i0.wp.com\/krahule.com\/wp-content\/uploads\/2016\/06\/Sauna.jpg?w=229&amp;ssl=1 229w\" sizes=\"auto, (max-width: 220px) 100vw, 220px\" \/><\/a><p id=\"caption-attachment-31\" class=\"wp-caption-text\">Infrasauna<\/p><\/div>\n<p>&nbsp;<\/p>\n<p>Ak sa v\u00e1m bude p\u00e1\u010di\u0165, m\u00f4\u017eete ma\u0165 k dispoz\u00edcii poschodie pre seba.<\/p>\n<p>K dispoz\u00edcii aj <a href=\"https:\/\/krahule.com\/infrasauna\/\">infrasauna<\/a> na chodbe:<\/p>\n<p>&nbsp;<\/p>\n<p>&nbsp;<\/p>\n<div id=\"attachment_67\" style=\"width: 490px\" class=\"wp-caption aligncenter\"><a href=\"https:\/\/i0.wp.com\/krahule.com\/wp-content\/uploads\/2016\/06\/KuchynaHoreUmavacka-e1467916724233.jpg?ssl=1\"><img data-recalc-dims=\"1\" loading=\"lazy\" decoding=\"async\" aria-describedby=\"caption-attachment-67\" data-attachment-id=\"67\" data-permalink=\"https:\/\/krahule.com\/?attachment_id=67\" data-orig-file=\"https:\/\/i0.wp.com\/krahule.com\/wp-content\/uploads\/2016\/06\/KuchynaHoreUmavacka-e1467916724233.jpg?fit=700%2C933&amp;ssl=1\" data-orig-size=\"700,933\" data-comments-opened=\"1\" data-image-meta=\"{&quot;aperture&quot;:&quot;3.5&quot;,&quot;credit&quot;:&quot;&quot;,&quot;camera&quot;:&quot;SP600UZ&quot;,&quot;caption&quot;:&quot;OLYMPUS DIGITAL CAMERA&quot;,&quot;created_timestamp&quot;:&quot;1467718582&quot;,&quot;copyright&quot;:&quot;&quot;,&quot;focal_length&quot;:&quot;5&quot;,&quot;iso&quot;:&quot;200&quot;,&quot;shutter_speed&quot;:&quot;0.033333333333333&quot;,&quot;title&quot;:&quot;OLYMPUS DIGITAL CAMERA&quot;,&quot;orientation&quot;:&quot;1&quot;}\" data-image-title=\"\" data-image-description=\"\" data-image-caption=\"&lt;p&gt;Um\u00fdva\u010dka riadu v pr\u00e1zdninovom byte&lt;\/p&gt;\n\" data-medium-file=\"https:\/\/i0.wp.com\/krahule.com\/wp-content\/uploads\/2016\/06\/KuchynaHoreUmavacka-e1467916724233.jpg?fit=595%2C793&amp;ssl=1\" data-large-file=\"https:\/\/i0.wp.com\/krahule.com\/wp-content\/uploads\/2016\/06\/KuchynaHoreUmavacka-e1467916724233.jpg?fit=676%2C901&amp;ssl=1\" class=\"size-thumbnail wp-image-67\" src=\"https:\/\/i0.wp.com\/krahule.com\/wp-content\/uploads\/2016\/06\/KuchynaHoreUmavacka.jpg?resize=480%2C640&#038;ssl=1\" alt=\"Um\u00fdva\u010dka riadu v pr\u00e1zdninovom byte\" width=\"480\" height=\"640\" \/><\/a><p id=\"caption-attachment-67\" class=\"wp-caption-text\">Um\u00fdva\u010dka riadu v pr\u00e1zdninovom byte<\/p><\/div>\n<p>&nbsp;<\/p>\n","protected":false},"excerpt":{"rendered":"<p>Pr\u00ed\u010fte so svojimi priate\u013emi a u\u017eite si spolo\u010dn\u00fa rados\u0165 na zjazdovk\u00e1ch, be\u017ek\u00e1ch, turistike&#8230; &nbsp; V bl\u00edzkosti nen\u00e1ro\u010dn\u00e9 turistick\u00e9 trasy s peknou pr\u00edrodou. Pe\u0161o sa d\u00e1 z\u00eds\u0165 popri vodop\u00e1doch do Kremnice. Asi 10 km od Tur\u010dianskych Tepl\u00edc. Ubytovanie v pr\u00e1zdninovom byte so sprchou, kuchy\u0148ou, balk\u00f3nom&#8230; pre 3-5 os\u00f4b + pr\u00edpadne die\u0165a. Okrem toho 4 izby s [&hellip;]<\/p>\n","protected":false},"author":1,"featured_media":0,"parent":0,"menu_order":0,"comment_status":"open","ping_status":"open","template":"","meta":{"footnotes":""},"class_list":["post-2","page","type-page","status-publish","hentry","post-preview"],"jetpack_sharing_enabled":true,"jetpack_shortlink":"https:\/\/wp.me\/P9kcSP-2","jetpack_likes_enabled":true,"jetpack-related-posts":[],"_links":{"self":[{"href":"https:\/\/krahule.com\/index.php?rest_route=\/wp\/v2\/pages\/2","targetHints":{"allow":["GET"]}}],"collection":[{"href":"https:\/\/krahule.com\/index.php?rest_route=\/wp\/v2\/pages"}],"about":[{"href":"https:\/\/krahule.com\/index.php?rest_route=\/wp\/v2\/types\/page"}],"author":[{"embeddable":true,"href":"https:\/\/krahule.com\/index.php?rest_route=\/wp\/v2\/users\/1"}],"replies":[{"embeddable":true,"href":"https:\/\/krahule.com\/index.php?rest_route=%2Fwp%2Fv2%2Fcomments&post=2"}],"version-history":[{"count":16,"href":"https:\/\/krahule.com\/index.php?rest_route=\/wp\/v2\/pages\/2\/revisions"}],"predecessor-version":[{"id":97,"href":"https:\/\/krahule.com\/index.php?rest_route=\/wp\/v2\/pages\/2\/revisions\/97"}],"wp:attachment":[{"href":"https:\/\/krahule.com\/index.php?rest_route=%2Fwp%2Fv2%2Fmedia&parent=2"}],"curies":[{"name":"wp","href":"https:\/\/api.w.org\/{rel}","templated":true}]}}