{"id":17,"date":"2016-06-26T16:35:44","date_gmt":"2016-06-26T16:35:44","guid":{"rendered":"http:\/\/krahule.com\/?page_id=17"},"modified":"2023-12-10T15:19:42","modified_gmt":"2023-12-10T14:19:42","slug":"prazdninovy-byt-kralovsky-vyhlad","status":"publish","type":"page","link":"https:\/\/krahule.com\/?page_id=17","title":{"rendered":"Pr\u00e1zdninov\u00fd byt &#8222;Kr\u00e1\u013eovsk\u00fd v\u00fdh\u013ead&#8220;"},"content":{"rendered":"<p>Pre n\u00e1ro\u010dn\u00fdch &#8211; tri st\u00e1le l\u00f4\u017eka. (mo\u017enos\u0165 dve pr\u00edstelky + detsk\u00e9 l\u00f4\u017eko)<\/p>\n<p><a href=\"https:\/\/i0.wp.com\/krahule.com\/wp-content\/uploads\/2016\/06\/KralovskyVyhlad-e1467916378890.jpg?ssl=1\"><img data-recalc-dims=\"1\" loading=\"lazy\" decoding=\"async\" data-attachment-id=\"64\" data-permalink=\"https:\/\/krahule.com\/?attachment_id=64\" data-orig-file=\"https:\/\/i0.wp.com\/krahule.com\/wp-content\/uploads\/2016\/06\/KralovskyVyhlad-e1467916378890.jpg?fit=980%2C735&amp;ssl=1\" data-orig-size=\"980,735\" data-comments-opened=\"1\" data-image-meta=\"{&quot;aperture&quot;:&quot;3.5&quot;,&quot;credit&quot;:&quot;&quot;,&quot;camera&quot;:&quot;SP600UZ&quot;,&quot;caption&quot;:&quot;OLYMPUS DIGITAL CAMERA&quot;,&quot;created_timestamp&quot;:&quot;1467718504&quot;,&quot;copyright&quot;:&quot;&quot;,&quot;focal_length&quot;:&quot;5&quot;,&quot;iso&quot;:&quot;200&quot;,&quot;shutter_speed&quot;:&quot;0.05&quot;,&quot;title&quot;:&quot;OLYMPUS DIGITAL CAMERA&quot;,&quot;orientation&quot;:&quot;1&quot;}\" data-image-title=\"Vila Tina, Krahule &amp;#8211; Kr\u00e1\u013eovsk\u00fd v\u00fdh\u013ead\" data-image-description=\"\" data-image-caption=\"&lt;p&gt;Pr\u00e1zdninov\u00fd byt Kr\u00e1\u013eovsk\u00fd v\u00fdh\u013ead. Ob\u00fdvac\u00ed k\u00fat.&lt;\/p&gt;\n\" data-medium-file=\"https:\/\/i0.wp.com\/krahule.com\/wp-content\/uploads\/2016\/06\/KralovskyVyhlad-e1467916378890.jpg?fit=595%2C446&amp;ssl=1\" data-large-file=\"https:\/\/i0.wp.com\/krahule.com\/wp-content\/uploads\/2016\/06\/KralovskyVyhlad-e1467916378890.jpg?fit=676%2C507&amp;ssl=1\" class=\"aligncenter size-full wp-image-64\" src=\"https:\/\/i0.wp.com\/krahule.com\/wp-content\/uploads\/2016\/06\/KralovskyVyhlad-e1467916378890.jpg?resize=676%2C507&#038;ssl=1\" alt=\"Vila Tina, Krahule - Kr\u00e1\u013eovsk\u00fd v\u00fdh\u013ead\" width=\"676\" height=\"507\" \/><\/a><\/p>\n<p>Plne vybaven\u00e9 b\u00fdvanie so sp\u00e1l\u0148ou a priestrannou miestnos\u0165ou s kuchy\u0148ou (vr\u00e1tane <span style=\"text-decoration: underline;\"><strong>um\u00fdva\u010dky riadu<\/strong><\/span>) a jed\u00e1lensk\u00fdm stolom.<\/p>\n<div id=\"attachment_18\" style=\"width: 310px\" class=\"wp-caption aligncenter\"><a href=\"https:\/\/i0.wp.com\/krahule.com\/wp-content\/uploads\/2016\/06\/KuchynaHore.jpg?ssl=1\"><img data-recalc-dims=\"1\" loading=\"lazy\" decoding=\"async\" aria-describedby=\"caption-attachment-18\" data-attachment-id=\"18\" data-permalink=\"https:\/\/krahule.com\/?attachment_id=18\" data-orig-file=\"https:\/\/i0.wp.com\/krahule.com\/wp-content\/uploads\/2016\/06\/KuchynaHore.jpg?fit=839%2C527&amp;ssl=1\" data-orig-size=\"839,527\" data-comments-opened=\"1\" data-image-meta=\"{&quot;aperture&quot;:&quot;2.9&quot;,&quot;credit&quot;:&quot;&quot;,&quot;camera&quot;:&quot;VG150,D735&quot;,&quot;caption&quot;:&quot;OLYMPUS DIGITAL CAMERA&quot;,&quot;created_timestamp&quot;:&quot;1452956147&quot;,&quot;copyright&quot;:&quot;&quot;,&quot;focal_length&quot;:&quot;4.8&quot;,&quot;iso&quot;:&quot;125&quot;,&quot;shutter_speed&quot;:&quot;0.033333333333333&quot;,&quot;title&quot;:&quot;OLYMPUS DIGITAL CAMERA&quot;,&quot;orientation&quot;:&quot;1&quot;}\" data-image-title=\"Kuchynsk\u00fd k\u00fat pr\u00e1zdninov\u00e9ho bytu.\" data-image-description=\"\" data-image-caption=\"&lt;p&gt;Vila Tina &amp;#8211; kuchynsk\u00fd k\u00fat pr\u00e1zdninov\u00e9ho bytu.&lt;\/p&gt;\n\" data-medium-file=\"https:\/\/i0.wp.com\/krahule.com\/wp-content\/uploads\/2016\/06\/KuchynaHore.jpg?fit=300%2C188&amp;ssl=1\" data-large-file=\"https:\/\/i0.wp.com\/krahule.com\/wp-content\/uploads\/2016\/06\/KuchynaHore.jpg?fit=676%2C425&amp;ssl=1\" class=\"size-medium wp-image-18\" src=\"https:\/\/i0.wp.com\/krahule.com\/wp-content\/uploads\/2016\/06\/KuchynaHore.jpg?resize=300%2C188&#038;ssl=1\" alt=\"Vila Tina - kuchynsk\u00fd k\u00fat pr\u00e1zdninov\u00e9ho bytu.\" width=\"300\" height=\"188\" srcset=\"https:\/\/i0.wp.com\/krahule.com\/wp-content\/uploads\/2016\/06\/KuchynaHore.jpg?resize=300%2C188&amp;ssl=1 300w, https:\/\/i0.wp.com\/krahule.com\/wp-content\/uploads\/2016\/06\/KuchynaHore.jpg?resize=768%2C482&amp;ssl=1 768w, https:\/\/i0.wp.com\/krahule.com\/wp-content\/uploads\/2016\/06\/KuchynaHore.jpg?w=839&amp;ssl=1 839w\" sizes=\"auto, (max-width: 300px) 100vw, 300px\" \/><\/a><p id=\"caption-attachment-18\" class=\"wp-caption-text\">Vila Tina &#8211; kuchynsk\u00fd k\u00fat pr\u00e1zdninov\u00e9ho bytu.<\/p><\/div>\n<p>Balk\u00f3n a okn\u00e1 v\u00e1m poskytn\u00fa v\u00fdh\u013ead na zjazdovku.<\/p>\n<div id=\"attachment_19\" style=\"width: 310px\" class=\"wp-caption aligncenter\"><a href=\"https:\/\/i0.wp.com\/krahule.com\/wp-content\/uploads\/2016\/06\/PohladZBalkona.jpg?ssl=1\"><img data-recalc-dims=\"1\" loading=\"lazy\" decoding=\"async\" aria-describedby=\"caption-attachment-19\" data-attachment-id=\"19\" data-permalink=\"https:\/\/krahule.com\/?attachment_id=19\" data-orig-file=\"https:\/\/i0.wp.com\/krahule.com\/wp-content\/uploads\/2016\/06\/PohladZBalkona.jpg?fit=983%2C352&amp;ssl=1\" data-orig-size=\"983,352\" data-comments-opened=\"1\" data-image-meta=\"{&quot;aperture&quot;:&quot;10&quot;,&quot;credit&quot;:&quot;&quot;,&quot;camera&quot;:&quot;VG150,D735&quot;,&quot;caption&quot;:&quot;OLYMPUS DIGITAL CAMERA&quot;,&quot;created_timestamp&quot;:&quot;1452956289&quot;,&quot;copyright&quot;:&quot;&quot;,&quot;focal_length&quot;:&quot;4.8&quot;,&quot;iso&quot;:&quot;100&quot;,&quot;shutter_speed&quot;:&quot;0.004&quot;,&quot;title&quot;:&quot;OLYMPUS DIGITAL CAMERA&quot;,&quot;orientation&quot;:&quot;1&quot;}\" data-image-title=\"V\u00fdh\u013ead z pr\u00e1zdninov\u00e9ho bytu\" data-image-description=\"\" data-image-caption=\"&lt;p&gt;Zimn\u00fd v\u00fdh\u013ead z pr\u00e1zdninov\u00e9ho bytu.&lt;\/p&gt;\n\" data-medium-file=\"https:\/\/i0.wp.com\/krahule.com\/wp-content\/uploads\/2016\/06\/PohladZBalkona.jpg?fit=300%2C107&amp;ssl=1\" data-large-file=\"https:\/\/i0.wp.com\/krahule.com\/wp-content\/uploads\/2016\/06\/PohladZBalkona.jpg?fit=676%2C242&amp;ssl=1\" class=\"size-medium wp-image-19\" src=\"https:\/\/i0.wp.com\/krahule.com\/wp-content\/uploads\/2016\/06\/PohladZBalkona.jpg?resize=300%2C107&#038;ssl=1\" alt=\"Vila Tina - Zimn\u00fd v\u00fdh\u013ead z pr\u00e1zdninov\u00e9ho bytu na zjazdovku.\" width=\"300\" height=\"107\" srcset=\"https:\/\/i0.wp.com\/krahule.com\/wp-content\/uploads\/2016\/06\/PohladZBalkona.jpg?resize=300%2C107&amp;ssl=1 300w, https:\/\/i0.wp.com\/krahule.com\/wp-content\/uploads\/2016\/06\/PohladZBalkona.jpg?resize=768%2C275&amp;ssl=1 768w, https:\/\/i0.wp.com\/krahule.com\/wp-content\/uploads\/2016\/06\/PohladZBalkona.jpg?w=983&amp;ssl=1 983w\" sizes=\"auto, (max-width: 300px) 100vw, 300px\" \/><\/a><p id=\"caption-attachment-19\" class=\"wp-caption-text\">Zimn\u00fd v\u00fdh\u013ead z pr\u00e1zdninov\u00e9ho bytu.<\/p><\/div>\n<p>K\u00fape\u013e\u0148a s WC, <span style=\"text-decoration: underline;\"><strong>telev\u00edzor<\/strong><\/span> a k\u00fatik s fotelami.<\/p>\n<div id=\"attachment_20\" style=\"width: 310px\" class=\"wp-caption aligncenter\"><a href=\"https:\/\/i0.wp.com\/krahule.com\/wp-content\/uploads\/2016\/06\/KupelnaHore.jpg?ssl=1\"><img data-recalc-dims=\"1\" loading=\"lazy\" decoding=\"async\" aria-describedby=\"caption-attachment-20\" data-attachment-id=\"20\" data-permalink=\"https:\/\/krahule.com\/?attachment_id=20\" data-orig-file=\"https:\/\/i0.wp.com\/krahule.com\/wp-content\/uploads\/2016\/06\/KupelnaHore.jpg?fit=797%2C718&amp;ssl=1\" data-orig-size=\"797,718\" data-comments-opened=\"1\" data-image-meta=\"{&quot;aperture&quot;:&quot;2.9&quot;,&quot;credit&quot;:&quot;&quot;,&quot;camera&quot;:&quot;VG150,D735&quot;,&quot;caption&quot;:&quot;OLYMPUS DIGITAL CAMERA&quot;,&quot;created_timestamp&quot;:&quot;1452956110&quot;,&quot;copyright&quot;:&quot;&quot;,&quot;focal_length&quot;:&quot;4.8&quot;,&quot;iso&quot;:&quot;125&quot;,&quot;shutter_speed&quot;:&quot;0.033333333333333&quot;,&quot;title&quot;:&quot;OLYMPUS DIGITAL CAMERA&quot;,&quot;orientation&quot;:&quot;1&quot;}\" data-image-title=\"Vila Tina &amp;#8211; k\u00fape\u013e\u0148a v pr\u00e1zdninovom byte\" data-image-description=\"\" data-image-caption=\"&lt;p&gt;K\u00fape\u013e\u0148a v pr\u00e1zdninovom byte&lt;\/p&gt;\n\" data-medium-file=\"https:\/\/i0.wp.com\/krahule.com\/wp-content\/uploads\/2016\/06\/KupelnaHore.jpg?fit=300%2C270&amp;ssl=1\" data-large-file=\"https:\/\/i0.wp.com\/krahule.com\/wp-content\/uploads\/2016\/06\/KupelnaHore.jpg?fit=676%2C609&amp;ssl=1\" class=\"size-medium wp-image-20\" src=\"https:\/\/i0.wp.com\/krahule.com\/wp-content\/uploads\/2016\/06\/KupelnaHore.jpg?resize=300%2C270&#038;ssl=1\" alt=\"Vila Tina - k\u00fape\u013e\u0148a v pr\u00e1zdninovom byte\" width=\"300\" height=\"270\" srcset=\"https:\/\/i0.wp.com\/krahule.com\/wp-content\/uploads\/2016\/06\/KupelnaHore.jpg?resize=300%2C270&amp;ssl=1 300w, https:\/\/i0.wp.com\/krahule.com\/wp-content\/uploads\/2016\/06\/KupelnaHore.jpg?resize=768%2C692&amp;ssl=1 768w, https:\/\/i0.wp.com\/krahule.com\/wp-content\/uploads\/2016\/06\/KupelnaHore.jpg?w=797&amp;ssl=1 797w\" sizes=\"auto, (max-width: 300px) 100vw, 300px\" \/><\/a><p id=\"caption-attachment-20\" class=\"wp-caption-text\">K\u00fape\u013e\u0148a v pr\u00e1zdninovom byte<\/p><\/div>\n<div id=\"attachment_14\" style=\"width: 310px\" class=\"wp-caption aligncenter\"><a href=\"https:\/\/i0.wp.com\/krahule.com\/wp-content\/uploads\/2016\/06\/Fotele-1.jpg?ssl=1\"><img data-recalc-dims=\"1\" loading=\"lazy\" decoding=\"async\" aria-describedby=\"caption-attachment-14\" data-attachment-id=\"14\" data-permalink=\"https:\/\/krahule.com\/?attachment_id=14\" data-orig-file=\"https:\/\/i0.wp.com\/krahule.com\/wp-content\/uploads\/2016\/06\/Fotele-1.jpg?fit=963%2C722&amp;ssl=1\" data-orig-size=\"963,722\" data-comments-opened=\"1\" data-image-meta=\"{&quot;aperture&quot;:&quot;2.9&quot;,&quot;credit&quot;:&quot;&quot;,&quot;camera&quot;:&quot;VG150,D735&quot;,&quot;caption&quot;:&quot;OLYMPUS DIGITAL CAMERA&quot;,&quot;created_timestamp&quot;:&quot;1452956136&quot;,&quot;copyright&quot;:&quot;&quot;,&quot;focal_length&quot;:&quot;4.8&quot;,&quot;iso&quot;:&quot;125&quot;,&quot;shutter_speed&quot;:&quot;0.033333333333333&quot;,&quot;title&quot;:&quot;OLYMPUS DIGITAL CAMERA&quot;,&quot;orientation&quot;:&quot;1&quot;}\" data-image-title=\"K\u00fatik v pr\u00e1zdninovom byte &amp;#8211; kresl\u00e1\" data-image-description=\"\" data-image-caption=\"&lt;p&gt;Vila Tina, Krahule. Pr\u00e1zdninov\u00fd byt.&lt;\/p&gt;\n\" data-medium-file=\"https:\/\/i0.wp.com\/krahule.com\/wp-content\/uploads\/2016\/06\/Fotele-1.jpg?fit=300%2C225&amp;ssl=1\" data-large-file=\"https:\/\/i0.wp.com\/krahule.com\/wp-content\/uploads\/2016\/06\/Fotele-1.jpg?fit=676%2C507&amp;ssl=1\" class=\"size-medium wp-image-14\" src=\"https:\/\/i0.wp.com\/krahule.com\/wp-content\/uploads\/2016\/06\/Fotele-1.jpg?resize=300%2C225&#038;ssl=1\" alt=\"Vila Tina, Krahule. Pr\u00e1zdninov\u00fd byt.\" width=\"300\" height=\"225\" srcset=\"https:\/\/i0.wp.com\/krahule.com\/wp-content\/uploads\/2016\/06\/Fotele-1.jpg?resize=300%2C225&amp;ssl=1 300w, https:\/\/i0.wp.com\/krahule.com\/wp-content\/uploads\/2016\/06\/Fotele-1.jpg?resize=768%2C576&amp;ssl=1 768w, https:\/\/i0.wp.com\/krahule.com\/wp-content\/uploads\/2016\/06\/Fotele-1.jpg?w=963&amp;ssl=1 963w\" sizes=\"auto, (max-width: 300px) 100vw, 300px\" \/><\/a><p id=\"caption-attachment-14\" class=\"wp-caption-text\">Vila Tina, Krahule. Pr\u00e1zdninov\u00fd byt.<\/p><\/div>\n","protected":false},"excerpt":{"rendered":"<p>Pre n\u00e1ro\u010dn\u00fdch &#8211; tri st\u00e1le l\u00f4\u017eka. (mo\u017enos\u0165 dve pr\u00edstelky + detsk\u00e9 l\u00f4\u017eko) Plne vybaven\u00e9 b\u00fdvanie so sp\u00e1l\u0148ou a priestrannou miestnos\u0165ou s kuchy\u0148ou (vr\u00e1tane um\u00fdva\u010dky riadu) a jed\u00e1lensk\u00fdm stolom. Balk\u00f3n a okn\u00e1 v\u00e1m poskytn\u00fa v\u00fdh\u013ead na zjazdovku. K\u00fape\u013e\u0148a s WC, telev\u00edzor a k\u00fatik s fotelami.<\/p>\n","protected":false},"author":1,"featured_media":0,"parent":2,"menu_order":0,"comment_status":"closed","ping_status":"closed","template":"","meta":{"footnotes":""},"class_list":["post-17","page","type-page","status-publish","hentry","post-preview"],"jetpack_sharing_enabled":true,"jetpack_shortlink":"https:\/\/wp.me\/P9kcSP-h","jetpack_likes_enabled":true,"jetpack-related-posts":[],"_links":{"self":[{"href":"https:\/\/krahule.com\/index.php?rest_route=\/wp\/v2\/pages\/17","targetHints":{"allow":["GET"]}}],"collection":[{"href":"https:\/\/krahule.com\/index.php?rest_route=\/wp\/v2\/pages"}],"about":[{"href":"https:\/\/krahule.com\/index.php?rest_route=\/wp\/v2\/types\/page"}],"author":[{"embeddable":true,"href":"https:\/\/krahule.com\/index.php?rest_route=\/wp\/v2\/users\/1"}],"replies":[{"embeddable":true,"href":"https:\/\/krahule.com\/index.php?rest_route=%2Fwp%2Fv2%2Fcomments&post=17"}],"version-history":[{"count":5,"href":"https:\/\/krahule.com\/index.php?rest_route=\/wp\/v2\/pages\/17\/revisions"}],"predecessor-version":[{"id":330,"href":"https:\/\/krahule.com\/index.php?rest_route=\/wp\/v2\/pages\/17\/revisions\/330"}],"up":[{"embeddable":true,"href":"https:\/\/krahule.com\/index.php?rest_route=\/wp\/v2\/pages\/2"}],"wp:attachment":[{"href":"https:\/\/krahule.com\/index.php?rest_route=%2Fwp%2Fv2%2Fmedia&parent=17"}],"curies":[{"name":"wp","href":"https:\/\/api.w.org\/{rel}","templated":true}]}}