{"id":121,"date":"2016-12-26T06:01:54","date_gmt":"2016-12-26T06:01:54","guid":{"rendered":"http:\/\/krahule.com\/?page_id=121"},"modified":"2020-05-29T16:29:24","modified_gmt":"2020-05-29T14:29:24","slug":"kde-nas-najdete","status":"publish","type":"page","link":"https:\/\/krahule.com\/?page_id=121","title":{"rendered":"Kde n\u00e1s n\u00e1jdete?"},"content":{"rendered":"<p style=\"text-align: center;\">M\u00f4\u017eete si pozrie\u0165 video z cesty po Krahuliach od Kremnice:<\/p>\n<p style=\"text-align: center;\"><iframe loading=\"lazy\" src=\"https:\/\/www.youtube.com\/embed\/JZhfN3pp5yU\" width=\"560\" height=\"315\" frameborder=\"0\" allowfullscreen=\"allowfullscreen\"><\/iframe><\/p>\n<div id=\"attachment_122\" style=\"width: 906px\" class=\"wp-caption aligncenter\"><a href=\"https:\/\/i0.wp.com\/krahule.com\/wp-content\/uploads\/2016\/12\/VilaTinaPrijazd.png?ssl=1\"><img data-recalc-dims=\"1\" loading=\"lazy\" decoding=\"async\" aria-describedby=\"caption-attachment-122\" data-attachment-id=\"122\" data-permalink=\"https:\/\/krahule.com\/?attachment_id=122\" data-orig-file=\"https:\/\/i0.wp.com\/krahule.com\/wp-content\/uploads\/2016\/12\/VilaTinaPrijazd.png?fit=896%2C268&amp;ssl=1\" data-orig-size=\"896,268\" data-comments-opened=\"1\" data-image-meta=\"{&quot;aperture&quot;:&quot;0&quot;,&quot;credit&quot;:&quot;&quot;,&quot;camera&quot;:&quot;&quot;,&quot;caption&quot;:&quot;&quot;,&quot;created_timestamp&quot;:&quot;0&quot;,&quot;copyright&quot;:&quot;&quot;,&quot;focal_length&quot;:&quot;0&quot;,&quot;iso&quot;:&quot;0&quot;,&quot;shutter_speed&quot;:&quot;0&quot;,&quot;title&quot;:&quot;&quot;,&quot;orientation&quot;:&quot;0&quot;}\" data-image-title=\"VilaTinaPrijazd\" data-image-description=\"\" data-image-caption=\"&lt;p&gt;Takto sa Vila Tina Krahule objav\u00ed z cesty od Kremnice&lt;\/p&gt;\n\" data-large-file=\"https:\/\/i0.wp.com\/krahule.com\/wp-content\/uploads\/2016\/12\/VilaTinaPrijazd.png?fit=676%2C202&amp;ssl=1\" class=\"size-full wp-image-122 aligncenter\" src=\"https:\/\/i0.wp.com\/krahule.com\/wp-content\/uploads\/2016\/12\/VilaTinaPrijazd.png?resize=676%2C202&#038;ssl=1\" alt=\"\" width=\"676\" height=\"202\" srcset=\"https:\/\/i0.wp.com\/krahule.com\/wp-content\/uploads\/2016\/12\/VilaTinaPrijazd.png?w=896&amp;ssl=1 896w, https:\/\/i0.wp.com\/krahule.com\/wp-content\/uploads\/2016\/12\/VilaTinaPrijazd.png?resize=595%2C178&amp;ssl=1 595w, https:\/\/i0.wp.com\/krahule.com\/wp-content\/uploads\/2016\/12\/VilaTinaPrijazd.png?resize=768%2C230&amp;ssl=1 768w, https:\/\/i0.wp.com\/krahule.com\/wp-content\/uploads\/2016\/12\/VilaTinaPrijazd.png?resize=676%2C202&amp;ssl=1 676w\" sizes=\"auto, (max-width: 676px) 100vw, 676px\" \/><\/a><p id=\"caption-attachment-122\" class=\"wp-caption-text\">Takto sa Vila Tina Krahule objav\u00ed z cesty od Kremnice<\/p><\/div>\n<p style=\"text-align: center;\">\n<div class=\"section-hero-header-title\">\n<h1>48\u00b043&#8217;30.8&#8243;N 18\u00b056&#8217;23.9&#8243;E<\/h1>\n<\/div>\n<h2 class=\"section-hero-header-subtitle\">48.725234, 18.939965<\/h2>\n<p style=\"text-align: center;\"><iframe loading=\"lazy\" style=\"border: 0;\" src=\"https:\/\/www.google.com\/maps\/embed?pb=!1m21!1m12!1m3!1d2631.9578611710135!2d18.939369306646174!3d48.72539684432204!2m3!1f0!2f0!3f0!3m2!1i1024!2i768!4f13.1!4m6!3e6!4m0!4m3!3m2!1d48.7253651!2d18.940255699999998!5e0!3m2!1ssk!2ssk!4v1482731936155\" width=\"600\" height=\"450\" frameborder=\"0\" allowfullscreen=\"allowfullscreen\"><\/iframe><\/p>\n","protected":false},"excerpt":{"rendered":"<p>M\u00f4\u017eete si pozrie\u0165 video z cesty po Krahuliach od Kremnice: 48\u00b043&#8217;30.8&#8243;N 18\u00b056&#8217;23.9&#8243;E 48.725234, 18.939965<\/p>\n","protected":false},"author":1,"featured_media":0,"parent":0,"menu_order":0,"comment_status":"closed","ping_status":"closed","template":"","meta":{"footnotes":""},"class_list":["post-121","page","type-page","status-publish","hentry","post-preview"],"jetpack_sharing_enabled":true,"jetpack_shortlink":"https:\/\/wp.me\/P9kcSP-1X","jetpack_likes_enabled":true,"jetpack-related-posts":[],"_links":{"self":[{"href":"https:\/\/krahule.com\/index.php?rest_route=\/wp\/v2\/pages\/121","targetHints":{"allow":["GET"]}}],"collection":[{"href":"https:\/\/krahule.com\/index.php?rest_route=\/wp\/v2\/pages"}],"about":[{"href":"https:\/\/krahule.com\/index.php?rest_route=\/wp\/v2\/types\/page"}],"author":[{"embeddable":true,"href":"https:\/\/krahule.com\/index.php?rest_route=\/wp\/v2\/users\/1"}],"replies":[{"embeddable":true,"href":"https:\/\/krahule.com\/index.php?rest_route=%2Fwp%2Fv2%2Fcomments&post=121"}],"version-history":[{"count":2,"href":"https:\/\/krahule.com\/index.php?rest_route=\/wp\/v2\/pages\/121\/revisions"}],"predecessor-version":[{"id":132,"href":"https:\/\/krahule.com\/index.php?rest_route=\/wp\/v2\/pages\/121\/revisions\/132"}],"wp:attachment":[{"href":"https:\/\/krahule.com\/index.php?rest_route=%2Fwp%2Fv2%2Fmedia&parent=121"}],"curies":[{"name":"wp","href":"https:\/\/api.w.org\/{rel}","templated":true}]}}